{"id":629,"date":"2024-05-22T08:43:03","date_gmt":"2024-05-22T06:43:03","guid":{"rendered":"https:\/\/www.euroterminal-kehl.com\/prestations-de-services-logistique-trimodale-des-conteneurs\/"},"modified":"2026-05-08T09:01:02","modified_gmt":"2026-05-08T07:01:02","slug":"prestations-de-services-logistique-trimodale-des-conteneurs","status":"publish","type":"page","link":"https:\/\/www.euroterminal-kehl.com\/fr\/prestations-de-services-logistique-trimodale-des-conteneurs\/","title":{"rendered":"Prestations de services : Logistique trimodale des conteneurs"},"content":{"rendered":"\n<div class=\"et_pb_section_0 et_pb_section et_section_regular et_block_section\"><div class=\"et_pb_row_0 et_pb_row et_block_row\"><div class=\"et_pb_column_0 et_pb_column et_pb_column_4_4 et-last-child et_block_column et_pb_css_mix_blend_mode_passthrough\"><div aria-label=\"Grue portuaire soulevant un conteneur entre deux parois de conteneurs jaunes au terminal Euro Terminal Kehl \u2013 repr\u00e9sentation visuelle de la logistique trimodale des conteneurs.\"  class=\"et_pb_code_0 et_pb_code et_pb_section_parallax et_pb_module\"><span class=\"et-pb-parallax-wrapper\"><span class=\"et-pb-parallax-background et-pb-parallax-background-module--divi-code-0\" style=\"background-image:url(https:\/\/etk-19a5a.kxcdn.com\/wp-content\/uploads\/2024\/05\/etk-euroterminal-kehl-zug-scaled.webp)\"><\/span><\/span><div class=\"et_pb_code_inner\"><div class=\"video-hero-content\">\n  <h1>\n Logistique trimodale des conteneurs\n  <\/h1>\n  <a href=\"#globalmarket\" class=\"hero-button\">\n    <span class=\"hero-button-link\">En savoir plus<\/span>\n    <span class=\"icon-arrow-small-right\"><\/span>\n  <\/a>\n<\/div><\/div><\/div><\/div><\/div><\/div><div class=\"et_pb_section_1 et_pb_section et_section_regular et_block_section\" id=\"globalmarket\"><div class=\"et_pb_row_1 et_pb_row et_pb_equal_columns et_block_row\"><div class=\"et_pb_column_1 et_pb_column et_pb_column_3_5 et_block_column et_pb_css_mix_blend_mode_passthrough\"><div class=\"et_pb_text_0 et_pb_text et_pb_bg_layout_light et_pb_module et_block_module\"><div class=\"et_pb_text_inner\"><h2 class=\"highlight\">Euro Terminal Kehl<\/h2>\n<h2>Votre passerelle vers les march\u00e9s mondiaux<\/h2>\n<\/div><\/div><\/div><div class=\"et_pb_column_2 et_pb_column et_pb_column_2_5 et-last-child et_block_column et_pb_css_mix_blend_mode_passthrough\"><div class=\"et_pb_text_1 et_pb_text et_pb_bg_layout_light et_pb_module et_block_module\"><div class=\"et_pb_text_inner\"><p>Situ\u00e9 au c\u0153ur de l'Europe, l'Euro Terminal Kehl offre une plaque tournante strat\u00e9gique pour le commerce international. La logistique trimodale des conteneurs combine efficacement la navigation fluviale, le transport par camion (PL) et le train de marchandises. Les bateaux de navigation int\u00e9rieure sont parfaits pour le transport \u00e9cologique de gros volumes, tandis que les camions, notamment les camions \u00e9lectriques, assurent la distribution fine et r\u00e9duisent les \u00e9missions. Les trains de marchandises offrent une grande capacit\u00e9 pour les longues distances et soulagent l'infrastructure routi\u00e8re. Avec un acc\u00e8s direct au Rhin, nous relions efficacement les principaux centres \u00e9conomiques d'Europe et d'ailleurs.<\/p>\n<\/div><\/div><\/div><\/div><\/div><div class=\"et_pb_section_2 et_pb_section et_section_regular et_block_section\"><div class=\"et_pb_row_2 et_pb_row et_block_row\"><div class=\"et_pb_column_3 et_pb_column et_pb_column_4_4 et-last-child et_block_column et_pb_css_mix_blend_mode_passthrough\"><div aria-label=\"Trois moyens de transport trimodaux illustr\u00e9s : \u00e0 gauche, un camion \u00e0 z\u00e9ro \u00e9mission sur route, au centre, un navire \u00e0 quai vu du dessus, \u00e0 droite, un conteneur est charg\u00e9 sur un train sous une grue au terminal Euro Terminal Kehl.\"  class=\"et_pb_text_2 et_pb_text et_pb_bg_layout_light et_pb_module et_block_module\"><div class=\"et_pb_text_inner\"><div class=\"nested-row nested-cols-7 nested-cols-force-1\">\n<div class=\"nested-col grid-span-2\"><img decoding=\"async\" class=\"grid-image\" src=\"\/\/etk-19a5a.kxcdn.com\/wp-content\/uploads\/2024\/05\/etk-euroterminal-kehl-elektro-lkw.webp\" \/><\/div>\n<div class=\"nested-col grid-span-3\"><img decoding=\"async\" class=\"grid-image\" src=\"\/\/etk-19a5a.kxcdn.com\/wp-content\/uploads\/2024\/05\/etk-kehl-kopfmedia-005.webp\" \/><\/div>\n<div class=\"nested-col grid-span-2\"><img decoding=\"async\" class=\"grid-image\" src=\"\/\/etk-19a5a.kxcdn.com\/wp-content\/uploads\/2024\/05\/etk-euroterminal-kehl-zug-scaled.webp\" \/><\/div>\n<\/div>\n<\/div><\/div><\/div><\/div><\/div><div class=\"et_pb_section_3 et_pb_section et_section_regular et_block_section\"><div class=\"et_pb_row_3 et_pb_row et_pb_equal_columns et_block_row\"><div class=\"et_pb_column_4 et_pb_column et_pb_column_3_5 et_block_column et_pb_css_mix_blend_mode_passthrough\"><div class=\"et_pb_text_3 et_pb_text et_pb_bg_layout_light et_pb_module et_block_module\"><div class=\"et_pb_text_inner\"><h2 class=\"highlight\">Service<\/h2>\n<h2>Nous offrons<\/h2>\n<\/div><\/div><\/div><div class=\"et_pb_column_5 et_pb_column et_pb_column_2_5 et-last-child et_block_column et_pb_css_mix_blend_mode_passthrough\"><div class=\"et_pb_text_4 et_pb_text et_pb_bg_layout_light et_pb_module et_block_module\"><div class=\"et_pb_text_inner\"><ul class=\"icon-list check-list\">\n<li>couverture c\u00f4t\u00e9 eau<\/li>\n<li>Affr\u00e8tement de bateaux de navigation int\u00e9rieure<\/li>\n<li>Affr\u00e8tement de trains de conteneurs<\/li>\n<li>pour les livraisons critiques en termes de d\u00e9lais, camions directs de et vers les ports maritimes<\/li>\n<li>Traitement rapide de votre transport<\/li>\n<li>autres services \u00e0 valeur ajout\u00e9e<\/li>\n<\/ul>\n<\/div><\/div><div class=\"et_pb_text_5 et_pb_text et_pb_bg_layout_light et_pb_module et_block_module\"><div class=\"et_pb_text_inner\"><p><a href=\"https:\/\/www.euroterminal-kehl.com\/fr\/les-prestations-de-services-services-a-valeur-ajoutee\/\" class=\"link-underlined\">En savoir plus sur les services \u00e0 valeur ajout\u00e9e <span class=\"icon-arrow-small-right\"><\/span><\/a><\/p>\n<\/div><\/div><\/div><\/div><\/div><div class=\"et_pb_section_4 et_pb_section et_section_regular et_block_section\" id=\"globalmarket\"><div class=\"et_pb_row_4 et_pb_row et_pb_equal_columns et_block_row\"><div class=\"et_pb_column_6 et_pb_column et_pb_column_3_5 et_block_column et_pb_css_mix_blend_mode_passthrough\"><div class=\"et_pb_text_6 et_pb_text et_pb_bg_layout_light et_pb_module et_block_module\"><div class=\"et_pb_text_inner\"><h2 class=\"highlight\">Efficace et fiable<\/h2>\n<h2>Des solutions logistiques pour vos besoins de transport<\/h2>\n<\/div><\/div><\/div><div class=\"et_pb_column_7 et_pb_column et_pb_column_2_5 et-last-child et_block_column et_pb_css_mix_blend_mode_passthrough\"><div class=\"et_pb_text_7 et_pb_text et_pb_bg_layout_light et_pb_module et_block_module\"><div class=\"et_pb_text_inner\"><p>Notre service complet \u00e0 l'ETK Euro Terminal Kehl vous offre des solutions logistiques rapides et efficaces. Nous nous chargeons du transbordement c\u00f4t\u00e9 eau, de l'affr\u00e8tement de bateaux fluviaux et de trains de conteneurs, ainsi que du traitement rapide de votre transport. Pour les livraisons urgentes, nos liaisons directes par camion depuis et vers les ports maritimes garantissent des livraisons dans les d\u00e9lais. Nous vous proposons en outre une multitude d'autres services \u00e0 valeur ajout\u00e9e qui optimisent vos processus logistiques et les adaptent individuellement \u00e0 vos besoins. Faites confiance \u00e0 notre expertise et \u00e0 notre infrastructure moderne pour organiser votre logistique de mani\u00e8re efficace et fiable. Profitez de notre longue exp\u00e9rience et de nos solutions sur mesure pour assurer le bon d\u00e9roulement et la ponctualit\u00e9 de vos transports.<\/p>\n<\/div><\/div><\/div><\/div><\/div><div class=\"et_pb_section_6 et_pb_section et_section_regular et_block_section\"><div class=\"et_pb_row_6 et_pb_row et_pb_equal_columns et_block_row\"><div class=\"et_pb_column_10 et_pb_column et_pb_column_3_5 et_block_column et_pb_css_mix_blend_mode_passthrough\"><div class=\"et_pb_text_9 et_pb_text et_pb_bg_layout_light et_pb_module et_block_module\"><div class=\"et_pb_text_inner\"><h2 class=\"highlight\">Bateau fluvial &amp; train<\/h2>\n<h2>D\u00e9parts hebdomadaires<\/h2>\n<p>\n<span class=\"icon-ship\"><\/span> 4x par semaine Anvers &amp; Rotterdam -&gt; Kehl<\/p>\n<p><span class=\"icon-train\"><\/span> 4x par semaine Rotterdam -&gt; Kehl<\/p>\n<\/div><\/div><\/div><div class=\"et_pb_column_11 et_pb_column et_pb_column_2_5 et-last-child et_block_column et_pb_css_mix_blend_mode_passthrough\"><div aria-label=\"Carte illustrant les corridors logistiques entre Kehl et les ports de Rotterdam et Anvers \u2013 itin\u00e9raires par train (ligne verte) et par barge fluviale (ligne bleue) \u00e0 travers l\u2019Allemagne, la Belgique et les Pays-Bas.\"  class=\"et_pb_image_0 et_pb_image et_pb_module et_block_module\"><span class=\"et_pb_image_wrap\"><img loading=\"lazy\" decoding=\"async\" src=\"https:\/\/etk-19a5a.kxcdn.com\/wp-content\/uploads\/2024\/06\/etk-map-rotterdam-antwerpen-kehl.svg\" width=\"780\" height=\"600\" srcset=\"https:\/\/etk-19a5a.kxcdn.com\/wp-content\/uploads\/2024\/06\/etk-map-rotterdam-antwerpen-kehl.svg 780w\" sizes=\"(min-width: 0px) and (max-width: 0px) 0px, (min-width: 1px) 780px, 100vw\" class=\"wp-image-491\" title=\"etk-map-rotterdam-antwerpen-kehl\" \/><\/span><\/div><\/div><\/div><\/div><div class=\"et_pb_section_7 et_pb_section et_section_regular et_block_section\"><div class=\"et_pb_row_7 et_pb_row et_block_row\"><div class=\"et_pb_column_12 et_pb_column et_pb_column_4_4 et-last-child et_block_column et_pb_css_mix_blend_mode_passthrough\"><div aria-label=\"Conteneurs empil\u00e9s et grue portuaire au terminal Euro Terminal Kehl au coucher du soleil \u2013 visuel d\u2019arri\u00e8re-plan pour un appel \u00e0 contact vers des solutions logistiques efficaces.\"  class=\"et_pb_code_1 et_pb_code et_pb_module\"><div class=\"et_pb_code_inner\"><div class=\"image-hero-content\">\n  <h2 style=\"color: white;\">Contactez-nous maintenant<br>- Votre chemin vers une logistique efficace !<\/h2>\n\n  <a href=\"https:\/\/www.euroterminal-kehl.com\/kontakt\/\" class=\"hero-button\">\n    <span class=\"hero-button-link\">Contact<\/span>\n    <span class=\"icon-arrow-small-right\"><\/span>\n  <\/a>\n<\/div>\n<\/div><\/div><\/div><\/div><\/div>\n","protected":false},"excerpt":{"rendered":"","protected":false},"author":1,"featured_media":371,"parent":0,"menu_order":0,"comment_status":"closed","ping_status":"closed","template":"","meta":{"_acf_changed":false,"inline_featured_image":false,"footnotes":""},"class_list":["post-629","page","type-page","status-publish","has-post-thumbnail","hentry"],"acf":[],"tag_names":[],"category_names":[],"thumbnail":"https:\/\/etk-19a5a.kxcdn.com\/wp-content\/uploads\/2024\/05\/etk-euroterminal-kehl-zug-scaled.webp","_links":{"self":[{"href":"https:\/\/www.euroterminal-kehl.com\/fr\/wp-json\/wp\/v2\/pages\/629","targetHints":{"allow":["GET"]}}],"collection":[{"href":"https:\/\/www.euroterminal-kehl.com\/fr\/wp-json\/wp\/v2\/pages"}],"about":[{"href":"https:\/\/www.euroterminal-kehl.com\/fr\/wp-json\/wp\/v2\/types\/page"}],"author":[{"embeddable":true,"href":"https:\/\/www.euroterminal-kehl.com\/fr\/wp-json\/wp\/v2\/users\/1"}],"replies":[{"embeddable":true,"href":"https:\/\/www.euroterminal-kehl.com\/fr\/wp-json\/wp\/v2\/comments?post=629"}],"version-history":[{"count":7,"href":"https:\/\/www.euroterminal-kehl.com\/fr\/wp-json\/wp\/v2\/pages\/629\/revisions"}],"predecessor-version":[{"id":1415,"href":"https:\/\/www.euroterminal-kehl.com\/fr\/wp-json\/wp\/v2\/pages\/629\/revisions\/1415"}],"wp:featuredmedia":[{"embeddable":true,"href":"https:\/\/www.euroterminal-kehl.com\/fr\/wp-json\/wp\/v2\/media\/371"}],"wp:attachment":[{"href":"https:\/\/www.euroterminal-kehl.com\/fr\/wp-json\/wp\/v2\/media?parent=629"}],"curies":[{"name":"wp","href":"https:\/\/api.w.org\/{rel}","templated":true}]}}