{"id":635,"date":"2024-06-07T15:34:50","date_gmt":"2024-06-07T13:34:50","guid":{"rendered":"https:\/\/www.euroterminal-kehl.com\/horaire-surtaxe-pour-petites-eaux-kwz\/"},"modified":"2026-05-08T09:01:12","modified_gmt":"2026-05-08T07:01:12","slug":"horaire-surtaxe-pour-petites-eaux-kwz","status":"publish","type":"page","link":"https:\/\/www.euroterminal-kehl.com\/fr\/horaire-surtaxe-pour-petites-eaux-kwz\/","title":{"rendered":"Horaire &amp; surtaxe pour petites eaux (KWZ)"},"content":{"rendered":"\n<div class=\"et_pb_section_0 et_pb_section et_section_regular et_block_section\"><div class=\"et_pb_row_0 et_pb_row et_pb_equal_columns et_block_row\"><div class=\"et_pb_column_0 et_pb_column et_pb_column_4_4 et-last-child et_block_column et_pb_css_mix_blend_mode_passthrough\"><div class=\"et_pb_text_0 et_pb_text et_pb_bg_layout_light et_pb_module et_block_module\"><div class=\"et_pb_text_inner\"><h1 class=\"highlight\" style=\"text-align: center;\">Horaire &amp; surtaxe pour petites eaux (KWZ)<\/h1>\n<h1 style=\"text-align: center;\">ETK Euro Terminal Kehl <\/h1>\n<\/div><\/div><\/div><\/div><div class=\"et_pb_row_1 et_pb_row et_block_row\"><div class=\"et_pb_column_1 et_pb_column et_pb_column_4_4 et-last-child et_block_column et_pb_css_mix_blend_mode_passthrough\"><div aria-label=\"Vid\u00e9o \u00e0 lancer : chargement de conteneurs sur un navire fluvial au terminal Euro Terminal Kehl en soir\u00e9e \u2013 met en avant le transport maritime int\u00e9rieur comme composante cl\u00e9 de la logistique trimodale.\"  class=\"et_pb_code_0 et_pb_code et-pb-has-background-video et_pb_preload et_pb_module\"><span class=\"et-pb-background-video\"><video autoplay loop playsinline muted><source type=\"video\/mp4\" src=\"https:\/\/etk-19a5a.kxcdn.com\/wp-content\/uploads\/2024\/06\/klumpp-mueller_binnenschiff-transport-video-v1_1.mp4\" \/><\/video><\/span><\/div><\/div><\/div><\/div><div class=\"et_pb_section_1 et_pb_section et_section_regular et_block_section\" id=\"globalmarket\"><div class=\"et_pb_row_2 et_pb_row et_pb_equal_columns et_block_row\"><div class=\"et_pb_column_2 et_pb_column et_pb_column_3_5 et_block_column et_pb_css_mix_blend_mode_passthrough\"><div class=\"et_pb_text_1 et_pb_text et_pb_bg_layout_light et_pb_module et_block_module\"><div class=\"et_pb_text_inner\"><h2 class=\"highlight\">Euro Terminal Kehl<\/h2>\n<h2>Logistique avanc\u00e9e<\/h2>\n<\/div><\/div><\/div><div class=\"et_pb_column_3 et_pb_column et_pb_column_2_5 et-last-child et_block_column et_pb_css_mix_blend_mode_passthrough\"><div class=\"et_pb_text_2 et_pb_text et_pb_bg_layout_light et_pb_module et_block_module\"><div class=\"et_pb_text_inner\"><p>Notre terminal est \u00e9quip\u00e9 d'une technologie de pointe et d'une vaste infrastructure afin de garantir une efficacit\u00e9 et une flexibilit\u00e9 maximales dans la manutention des conteneurs. Nous disposons de quatre grues \u00e0 conteneurs de 40 tonnes et de quatre reachstackers, qui permettent de manipuler des conteneurs et des caisses mobiles. De plus, nous utilisons des camions \u00e9lectriques \u00e0 faibles \u00e9missions pour un transport respectueux de l'environnement. La gestion de nos terminaux est assur\u00e9e par le syst\u00e8me innovant ICMS, qui garantit une commande et une surveillance optimales de tous les processus. Gr\u00e2ce \u00e0 cet \u00e9quipement de pointe, nous vous proposons des solutions de premier ordre pour vos besoins logistiques.<\/p>\n<\/div><\/div><\/div><\/div><\/div><div class=\"et_pb_section_2 et_pb_section et_section_regular et_block_section\" id=\"globalmarket\"><div class=\"et_pb_row_3 et_pb_row et_pb_equal_columns et_block_row\"><div class=\"et_pb_column_4 et_pb_column et_pb_column_3_5 et_block_column et_pb_css_mix_blend_mode_passthrough\"><div class=\"et_pb_text_3 et_pb_text et_pb_bg_layout_light et_pb_module et_block_module\"><div class=\"et_pb_text_inner\"><h2 class=\"highlight\">T\u00e9l\u00e9chargement<\/h2>\n<h2>Surtaxe pour petites eaux (KWZ)<\/h2>\n<\/div><\/div><div class=\"et_pb_text_4 et_pb_text et_pb_bg_layout_light et_pb_module et_block_module\"><div class=\"et_pb_text_inner\"><p><a href=\"\/\/etk-19a5a.kxcdn.com\/wp-content\/uploads\/2024\/06\/HSLintermodal_KWZ_barge-etk.pdf\" class=\"link-underlined\" target=\"_blank\" rel=\"noopener\">T\u00e9l\u00e9charger le PDF <span class=\"icon-arrow-small-right\"><\/span><\/a><\/p>\n<\/div><\/div><\/div><div class=\"et_pb_column_5 et_pb_column et_pb_column_2_5 et-last-child et_block_column et_pb_css_mix_blend_mode_passthrough\"><div class=\"et_pb_text_5 et_pb_text et_pb_bg_layout_light et_pb_module et_block_module\"><div class=\"et_pb_text_inner\"><h2 class=\"highlight\">T\u00e9l\u00e9chargement<\/h2>\n<h2>Horaires des bateaux et des trains<\/h2>\n<\/div><\/div><div class=\"et_pb_text_6 et_pb_text et_pb_bg_layout_light et_pb_module et_block_module\"><div class=\"et_pb_text_inner\"><p><a href=\"\/\/etk-19a5a.kxcdn.com\/wp-content\/uploads\/2024\/12\/HSLintermodal_Schedule_UpperRhine_2025_V1.pdf\" class=\"link-underlined\" target=\"_blank\" rel=\"noopener\">T\u00e9l\u00e9charger le PDF <span class=\"icon-arrow-small-right\"><\/span><\/a><\/p>\n<\/div><\/div><\/div><\/div><\/div><div class=\"et_pb_section_3 et_pb_section et_section_regular et_block_section\"><div class=\"et_pb_row_4 et_pb_row et_pb_row_3-4_1-4 et_pb_equal_columns et_block_row et_block_row_3-4_1-4\"><div class=\"et_pb_column_6 et_pb_column et_pb_column_3_4 et_block_column et_pb_css_mix_blend_mode_passthrough\"><div class=\"et_pb_text_7 et_pb_text et_pb_bg_layout_light et_pb_module et_block_module\"><div class=\"et_pb_text_inner\"><p>Personne de contact<\/p>\n<\/div><\/div><div class=\"et_pb_text_8 et_pb_text et_pb_bg_layout_light et_pb_module et_block_module\"><div class=\"et_pb_text_inner\"><h2>N'h\u00e9sitez pas \u00e0 nous contacter si vous avez des questions<\/h2>\n<\/div><\/div><div class=\"et_pb_text_9 et_pb_text et_pb_bg_layout_light et_pb_module et_block_module\"><div class=\"et_pb_text_inner\"><p style=\"display: flex; flex-wrap: wrap; gap: 10px;\"><strong>Importation<\/strong><a class=\"link-underlined\" href=\"mailto:import@euroterminal-kehl.com\">import@euroterminal-kehl.com<\/a><\/p>\n<p><strong>Exportation<\/strong> <a class=\"link-underlined\" href=\"mailto:export@euroterminal-kehl.com\" style=\"display: inline !important;\">export@euroterminal-kehl.com<\/a><\/p>\n<p><strong>D\u00e9p\u00f4t <\/strong><a class=\"link-underlined\" href=\"mailto:depot@euroterminal-kehl.com\" style=\"display: inline !important;\">depot@euroterminal-kehl.com<\/a><\/p>\n<p><strong>T\u00e9l\u00e9phone<\/strong> <a class=\"link-underlined\" href=\"tel:+497851898840\">+49 (0) 78 51 \/ 89 88 40 <span class=\"icon-arrow-small-right\"><\/span><\/a><\/p>\n<\/div><\/div><\/div><div class=\"et_pb_column_7 et_pb_column et_pb_column_1_4 et-last-child et_block_column et_pb_css_mix_blend_mode_passthrough\"><div aria-label=\"Portrait d\u2019Evelyne Hum, directrice du site Euro Terminal Kehl \u2013 prise de vue professionnelle devant des conteneurs sur le terminal, incarnant la direction locale et l\u2019expertise logistique.\"  class=\"et_pb_code_1 et_pb_code et_pb_module\"><div class=\"et_pb_code_inner\"><div class=\"nested-row nested-cols-1 nested-cols-force-1\">\n<div class=\"nested-col\">\n<img decoding=\"async\" class=\"grid-image\" src=\"\/\/etk-19a5a.kxcdn.com\/wp-content\/uploads\/2024\/08\/etk-business-portraits-2000px-7.webp\">\n<\/div>\n<\/div><\/div><\/div><\/div><\/div><\/div>\n","protected":false},"excerpt":{"rendered":"","protected":false},"author":1,"featured_media":474,"parent":0,"menu_order":0,"comment_status":"closed","ping_status":"closed","template":"","meta":{"_acf_changed":false,"inline_featured_image":false,"footnotes":""},"class_list":["post-635","page","type-page","status-publish","has-post-thumbnail","hentry"],"acf":[],"tag_names":[],"category_names":[],"thumbnail":"https:\/\/etk-19a5a.kxcdn.com\/wp-content\/uploads\/2024\/05\/kopfmedia_etk_zug-34.webp","_links":{"self":[{"href":"https:\/\/www.euroterminal-kehl.com\/fr\/wp-json\/wp\/v2\/pages\/635","targetHints":{"allow":["GET"]}}],"collection":[{"href":"https:\/\/www.euroterminal-kehl.com\/fr\/wp-json\/wp\/v2\/pages"}],"about":[{"href":"https:\/\/www.euroterminal-kehl.com\/fr\/wp-json\/wp\/v2\/types\/page"}],"author":[{"embeddable":true,"href":"https:\/\/www.euroterminal-kehl.com\/fr\/wp-json\/wp\/v2\/users\/1"}],"replies":[{"embeddable":true,"href":"https:\/\/www.euroterminal-kehl.com\/fr\/wp-json\/wp\/v2\/comments?post=635"}],"version-history":[{"count":13,"href":"https:\/\/www.euroterminal-kehl.com\/fr\/wp-json\/wp\/v2\/pages\/635\/revisions"}],"predecessor-version":[{"id":1427,"href":"https:\/\/www.euroterminal-kehl.com\/fr\/wp-json\/wp\/v2\/pages\/635\/revisions\/1427"}],"wp:featuredmedia":[{"embeddable":true,"href":"https:\/\/www.euroterminal-kehl.com\/fr\/wp-json\/wp\/v2\/media\/474"}],"wp:attachment":[{"href":"https:\/\/www.euroterminal-kehl.com\/fr\/wp-json\/wp\/v2\/media?parent=635"}],"curies":[{"name":"wp","href":"https:\/\/api.w.org\/{rel}","templated":true}]}}