{"id":638,"date":"2024-05-15T10:24:30","date_gmt":"2024-05-15T08:24:30","guid":{"rendered":"https:\/\/www.euroterminal-kehl.com\/home\/"},"modified":"2026-05-08T09:12:36","modified_gmt":"2026-05-08T07:12:36","slug":"home","status":"publish","type":"page","link":"https:\/\/www.euroterminal-kehl.com\/fr\/","title":{"rendered":"Home"},"content":{"rendered":"<div class=\"et_pb_section_0 et_pb_section et_section_regular et_block_section\">\n<div class=\"et_pb_row_0 et_pb_row et_block_row\">\n<div class=\"et_pb_column_0 et_pb_column et_pb_column_4_4 et-last-child et_block_column et_pb_css_mix_blend_mode_passthrough\">\n<div aria-label=\"Vid\u00e9o en lecture automatique : vue rapproch\u00e9e d\u2019un portique de manutention soulevant un conteneur au terminal Euro Terminal Kehl \u2013 symbolise la logistique trimodale en fonctionnement r\u00e9el.\"  class=\"et_pb_code_0 et_pb_code et-pb-has-background-video et_pb_preload et_pb_module\"><span class=\"et-pb-background-video\"><video autoplay loop playsinline muted><source type=\"video\/mp4\" src=\"https:\/\/etk-19a5a.kxcdn.com\/wp-content\/uploads\/2024\/05\/kopfmedia-etk-hero.mp4\" \/><\/video><\/span><div class=\"et_pb_code_inner\"><div class=\"video-hero-content\">\n  <h1>\n Euro Terminal Kehl:<br>\nPlaque tournante pour la logistique trimodale\n  <\/h1>\n  <a href=\"\/fr\/#id\" class=\"hero-button\">\n    <span class=\"hero-button-link\">Nos services<\/span>\n    <span class=\"icon-arrow-small-right\"><\/span>\n  <\/a>\n<\/div><\/div><\/div>\n<\/div>\n<\/div>\n<\/div>\n\n<div class=\"et_pb_section_1 et_pb_section et_section_regular et_block_section\">\n<div class=\"et_pb_row_1 et_pb_row et_pb_equal_columns et_block_row\">\n<div class=\"et_pb_column_1 et_pb_column et_pb_column_3_5 et_block_column et_pb_css_mix_blend_mode_passthrough\">\n<div class=\"et_pb_text_0 et_pb_text et_pb_bg_layout_light et_pb_module et_block_module\"><div class=\"et_pb_text_inner\"><h2>De Kehl \u00e0 Rotterdam &amp; Anvers.<\/h2>\n<\/div><\/div>\n<\/div>\n\n<div class=\"et_pb_column_2 et_pb_column et_pb_column_2_5 et-last-child et_block_column et_pb_css_mix_blend_mode_passthrough\">\n<div aria-label=\"Vue a\u00e9rienne du terminal Euro Terminal Kehl au lever du soleil \u2013 avec conteneurs, grues portuaires et canal, illustrant l\u2019infrastructure logistique trimodale en bordure du Rhin.\"  class=\"et_pb_code_1 et_pb_code et_pb_module\"><div class=\"et_pb_code_inner\"><div class=\"nested-row nested-cols-1 nested-cols-force-1\">\n<div class=\"nested-col\">\n<img decoding=\"async\" class=\"grid-image grid-image-small\" src=\"\/\/etk-19a5a.kxcdn.com\/wp-content\/uploads\/2024\/05\/etk-euroterminal-kehl-hafen-scaled.webp\">\n<\/div>\n<\/div><\/div><\/div>\n<\/div>\n<\/div>\n<\/div>\n\n<div class=\"et_pb_section_2 et_pb_section et_section_regular et_block_section\">\n<div class=\"et_pb_row_2 et_pb_row et_pb_equal_columns et_block_row\">\n<div class=\"et_pb_column_3 et_pb_column et_pb_column_4_4 et-last-child et_block_column et_pb_css_mix_blend_mode_passthrough\">\n<div class=\"et_pb_text_1 et_pb_text et_pb_bg_layout_light et_pb_module et_block_module\"><div class=\"et_pb_text_inner\"><p>Nos services<\/p>\n<\/div><\/div>\n\n<div class=\"et_pb_code_2 et_pb_code et_pb_module\"><div class=\"et_pb_code_inner\"><div class=\"service-list-items\">\n<div class=\"service-list-item\"><span>01<\/span><a href=\"https:\/\/www.euroterminal-kehl.com\/fr\/prestations-de-services-logistique-trimodale-des-conteneurs\/\"><h2>Logistique trimodale des conteneurs<\/h2><\/a><\/div>\n<div class=\"service-list-item\"><span>02<\/span><a href=\"https:\/\/www.euroterminal-kehl.com\/fr\/les-prestations-de-services-services-a-valeur-ajoutee\/\"><h2>Services \u00e0 valeur ajout\u00e9e<\/h2><\/a><\/div>\n<div class=\"service-list-item\"><span>03<\/span><a href=\"https:\/\/www.euroterminal-kehl.com\/fr\/technologie-et-infrastructure\/\"><h2>Technologie et infrastructure<\/h2><\/a><\/div>\n  <div class=\"service-list-item\"><span>04<\/span><a href=\"https:\/\/www.euroterminal-kehl.com\/fr\/horaire-surtaxe-pour-petites-eaux-kwz\/\"><h2>Horaire & surtaxe pour petites eaux (KWZ)<\/h2><\/a><\/div>\n<\/div><\/div><\/div>\n<\/div>\n<\/div>\n<\/div>\n\n<div class=\"et_pb_section_3 et_pb_section et_section_regular et_block_section\">\n<div class=\"et_pb_row_3 et_pb_row et_block_row\">\n<div class=\"et_pb_column_4 et_pb_column et_pb_column_4_4 et-last-child et_block_column et_pb_css_mix_blend_mode_passthrough\">\n<div aria-label=\"Vue a\u00e9rienne du Rhin au lever du soleil avec for\u00eats et villages \u00e0 l\u2019horizon \u2013 incarne la fluidit\u00e9 du transport trimodal par voie fluviale, ferroviaire et routi\u00e8re.\"  class=\"et_pb_code_3 et_pb_code et_pb_module\"><div class=\"et_pb_code_inner\"><div class=\"image-hero-content\">\n  <h2 style=\"color: white;\">Bateau, camion & train de marchandises.<br>Nous pouvons assurer le traitement trimodal.<\/h2>\n\n  <a href=\"https:\/\/www.euroterminal-kehl.com\/fr\/prestations-de-services-logistique-trimodale-des-conteneurs\/\" class=\"hero-button\">\n    <span class=\"hero-button-link\">en savoir plus<\/span>\n    <span class=\"icon-arrow-small-right\"><\/span>\n  <\/a>\n<\/div>\n<\/div><\/div>\n<\/div>\n<\/div>\n<\/div>\n\n<div class=\"et_pb_section_4 et_pb_section et_section_regular et_block_section\" id=\"id\">\n<div class=\"et_pb_row_4 et_pb_row et_block_row\">\n<div class=\"et_pb_column_5 et_pb_column et_pb_column_4_4 et-last-child et_block_column et_pb_css_mix_blend_mode_passthrough\">\n<div class=\"et_pb_text_2 et_pb_text et_pb_bg_layout_light et_pb_module et_block_module\"><div class=\"et_pb_text_inner\"><h2 class=\"highlight\">Site de Kehl<\/h2>\n<h2>Le c\u0153ur d'une logistique efficace<\/h2>\n<\/div><\/div>\n\n<div class=\"et_pb_text_3 et_pb_text et_pb_bg_layout_light et_pb_module et_block_module\"><div class=\"et_pb_text_inner\"><p><strong>Une infrastructure optimale pour vos besoins logistiques<\/strong><\/p>\n<\/div><\/div>\n\n<div class=\"et_pb_text_4 et_pb_text et_pb_bg_layout_light et_pb_module et_block_module\"><div class=\"et_pb_text_inner\"><p>Au c\u0153ur du sud-ouest de l'Allemagne, notre centre logistique de Kehl offre des conditions id\u00e9ales pour une logistique efficace des conteneurs sur 50.000 m\u00e8tres carr\u00e9s avec 1.000 m\u00e8tres de longueur de quai et 1.700 m\u00e8tres de longueur de rail r\u00e9partis sur quatre voies. \u00c9quip\u00e9s d'un syst\u00e8me de gestion de terminaux ultramoderne (Modality ICMS), nous proposons des services de d\u00e9p\u00f4t complets aux principales compagnies maritimes telles que MSC, Hapag Lloyd et autres. En plus des services sp\u00e9cialis\u00e9s tels que les contr\u00f4les et le nettoyage des conteneurs, notre propre flotte de camions et l'exp\u00e9dition rapide des camions au terminal contribuent \u00e0 l'optimisation de vos processus logistiques gr\u00e2ce \u00e0 des interfaces EDI et des pes\u00e9es conformes \u00e0 la norme SOLAS.<\/p>\n<\/div><\/div>\n\n<div class=\"et_pb_text_5 et_pb_text et_pb_bg_layout_light et_pb_module et_block_module\"><div class=\"et_pb_text_inner\"><p><a href=\"https:\/\/www.euroterminal-kehl.com\/technologie-infrastruktur\/\" class=\"link-underlined\">en savoir plus <span class=\"icon-arrow-small-right\"><\/span><\/a><\/p>\n<\/div><\/div>\n\n<div class=\"et_pb_text_6 et_pb_text et_pb_bg_layout_light et_pb_module et_block_module\"><div class=\"et_pb_text_inner\"><div class=\"badge-container\">\n<div class=\"badge outlined\">Gestion moderne des terminaux (Modality ICMS)<\/div>\n<div class=\"badge outlined\">Gestion des d\u00e9p\u00f4ts (MSC, P&amp;O, ONE, Hapag Lloyd, OOCL, Maersk, YangMing, CMA-CGM, Hyundai)<\/div>\n<div class=\"badge outlined\">Services suppl\u00e9mentaires : Contr\u00f4le et nettoyage de conteneurs<\/div>\n<div class=\"badge outlined\">Logistique individuelle des conteneurs maritimes<\/div>\n<div class=\"badge outlined\">Propre flotte de camions pour le transport de conteneurs<\/div>\n<div class=\"badge outlined\">D\u00e9douanement rapide des camions<\/div>\n<div class=\"badge outlined\">Interfaces EDI<\/div>\n<div class=\"badge outlined\">Pesage de conteneurs selon SOLAS<\/div>\n<\/div>\n<\/div><\/div>\n<\/div>\n<\/div>\n<\/div>\n\n<div class=\"et_pb_section_5 et_pb_section et_section_regular et_block_section\">\n<div class=\"et_pb_row_5 et_pb_row et_block_row\">\n<div class=\"et_pb_column_6 et_pb_column et_pb_column_4_4 et-last-child et_block_column et_pb_css_mix_blend_mode_passthrough\">\n<div aria-label=\"Trois sc\u00e8nes du terminal Euro Terminal Kehl : \u00e0 gauche, un reachstacker en activit\u00e9 devant des conteneurs, au centre, un navire vu du dessus amarr\u00e9 au quai, \u00e0 droite, des piles de conteneurs sous un ciel bleu avec signal\u00e9tique Terminal Kehl.\"  class=\"et_pb_text_7 et_pb_text et_pb_bg_layout_light et_pb_module et_block_module\"><div class=\"et_pb_text_inner\"><div class=\"nested-row nested-cols-7 nested-cols-force-1\">\n<div class=\"nested-col grid-span-2\"><img decoding=\"async\" class=\"grid-image\" src=\"\/\/etk-19a5a.kxcdn.com\/wp-content\/uploads\/2024\/05\/etk-kehl-kopfmedia-004.webp\" \/><\/div>\n<div class=\"nested-col grid-span-3\"><img decoding=\"async\" class=\"grid-image\" src=\"\/\/etk-19a5a.kxcdn.com\/wp-content\/uploads\/2024\/05\/etk-kehl-kopfmedia-005.webp\" \/><\/div>\n<div class=\"nested-col grid-span-2\"><img decoding=\"async\" class=\"grid-image\" src=\"\/\/etk-19a5a.kxcdn.com\/wp-content\/uploads\/2024\/05\/etk-kehl-kopfmedia-003.webp\" \/><\/div>\n<\/div>\n<\/div><\/div>\n<\/div>\n<\/div>\n<\/div>\n\n<div class=\"et_pb_section_6 et_pb_section et_section_regular et_block_section\">\n<div class=\"et_pb_row_6 et_pb_row et_pb_equal_columns et_block_row\">\n<div class=\"et_pb_column_7 et_pb_column et_pb_column_2_5 et_block_column et_pb_css_mix_blend_mode_passthrough\">\n<div class=\"et_pb_text_8 et_pb_text et_pb_bg_layout_light et_pb_module et_block_module\"><div class=\"et_pb_text_inner\"><h2 class=\"highlight\">ETK Kehl<\/h2>\n<h2>Notre service<\/h2>\n<\/div><\/div>\n<\/div>\n\n<div class=\"et_pb_column_8 et_pb_column et_pb_column_3_5 et-last-child et_block_column et_pb_css_mix_blend_mode_passthrough\">\n<div class=\"et_pb_code_4 et_pb_code et_pb_module\"><div class=\"et_pb_code_inner\"><div id=\"vue-wordpress-app-4cdabeb2-d63d-45dd-813b-a5609437b042\" data-app-url=\"https:\/\/www.euroterminal-kehl.com\" data-fcaptcha-sitekey=\"FCMHA65IB7VJVJ6S\" data-component=\"video-player\" data-videoplayer=\"{&quot;id&quot;:1168}\" data-lang=\"fr\"><\/div><\/div><\/div>\n<\/div>\n<\/div>\n<\/div>\n\n<div class=\"et_pb_section_7 et_pb_section et_section_regular et_block_section\">\n<div class=\"et_pb_row_7 et_pb_row et_pb_equal_columns et_block_row\">\n<div class=\"et_pb_column_9 et_pb_column et_pb_column_3_5 et_block_column et_pb_css_mix_blend_mode_passthrough\">\n<div class=\"et_pb_text_9 et_pb_text et_pb_bg_layout_light et_pb_module et_block_module\"><div class=\"et_pb_text_inner\"><h2 class=\"highlight\">Bateau fluvial &amp; train<\/h2>\n<h2>D\u00e9parts hebdomadaires<\/h2>\n<p>\n<span class=\"icon-ship\"><\/span> 4x par semaine Anvers &amp; Rotterdam -&gt; Kehl<\/p>\n<p><span class=\"icon-train\"><\/span> 4x par semaine Rotterdam -&gt; Kehl<\/p>\n<\/div><\/div>\n<\/div>\n\n<div class=\"et_pb_column_10 et_pb_column et_pb_column_2_5 et-last-child et_block_column et_pb_css_mix_blend_mode_passthrough\">\n<div aria-label=\"Carte des liaisons multimodales entre Kehl, Mannheim, Cologne, Anvers et Rotterdam \u2013 itin\u00e9raires par rail et voie fluviale dans le r\u00e9seau logistique europ\u00e9en.\"  class=\"et_pb_image_0 et_pb_image et_pb_module et_block_module\"><span class=\"et_pb_image_wrap\"><img decoding=\"async\" src=\"https:\/\/etk-19a5a.kxcdn.com\/wp-content\/uploads\/2024\/06\/etk-map-rotterdam-antwerpen-kehl.svg\" title=\"etk-map-rotterdam-antwerpen-kehl\" \/><\/span><\/div>\n<\/div>\n<\/div>\n<\/div>\n\n<div class=\"et_pb_section_8 et_pb_section et_section_regular et_block_section\">\n<div class=\"et_pb_row_8 et_pb_row et_pb_row_3-4_1-4 et_pb_equal_columns et_block_row et_block_row_3-4_1-4\">\n<div class=\"et_pb_column_11 et_pb_column et_pb_column_3_4 et_block_column et_pb_css_mix_blend_mode_passthrough\">\n<div class=\"et_pb_text_10 et_pb_text et_pb_bg_layout_light et_pb_module et_block_module\"><div class=\"et_pb_text_inner\"><p>Contact<\/p>\n<\/div><\/div>\n\n<div class=\"et_pb_text_11 et_pb_text et_pb_bg_layout_light et_pb_module et_block_module\"><div class=\"et_pb_text_inner\"><h2>Contactez-nous maintenant<br \/>- Votre chemin vers une logistique efficace !<\/h2>\n<\/div><\/div>\n\n<div class=\"et_pb_text_12 et_pb_text et_pb_bg_layout_light et_pb_module et_block_module\"><div class=\"et_pb_text_inner\"><p style=\"display: flex; flex-wrap: wrap; gap: 10px;\"><strong>Importation<\/strong><a class=\"link-underlined\" href=\"mailto:import@euroterminal-kehl.com\">import@euroterminal-kehl.com<\/a><\/p>\n<p><strong>Exportation<\/strong> <a class=\"link-underlined\" href=\"mailto:export@euroterminal-kehl.com\" style=\"display: inline !important;\">export@euroterminal-kehl.com<\/a><\/p>\n<p><strong>D\u00e9p\u00f4t <\/strong><a class=\"link-underlined\" href=\"mailto:depot@euroterminal-kehl.com\" style=\"display: inline !important;\">depot@euroterminal-kehl.com<\/a><\/p>\n<p><strong>T\u00e9l\u00e9phone<\/strong> <a class=\"link-underlined\" href=\"tel:+497851898840\">+49 (0) 78 51 \/ 89 88 40 <span class=\"icon-arrow-small-right\"><\/span><\/a><\/p>\n<\/div><\/div>\n<\/div>\n\n<div class=\"et_pb_column_12 et_pb_column et_pb_column_1_4 et-last-child et_block_column et_pb_css_mix_blend_mode_passthrough\">\n<div aria-label=\"Portrait d\u2019Evelyne Hum, directrice de site du terminal Euro Terminal Kehl \u2013 photographi\u00e9e devant une zone de stockage de conteneurs sur le terminal.\"  class=\"et_pb_code_5 et_pb_code et_pb_module\"><div class=\"et_pb_code_inner\"><div class=\"nested-row nested-cols-1 nested-cols-force-1\">\n<div class=\"nested-col\">\n<img decoding=\"async\" class=\"grid-image\" src=\"\/\/etk-19a5a.kxcdn.com\/wp-content\/uploads\/2024\/08\/etk-business-portraits-2000px-7.webp\">\n<\/div>\n<\/div><\/div><\/div>\n<\/div>\n<\/div>\n<\/div>\n\n<div class=\"et_pb_section_9 et_pb_section et_section_regular et_block_section\">\n<div class=\"et_pb_row_9 et_pb_row et_block_row\">\n<div class=\"et_pb_column_13 et_pb_column et_pb_column_4_4 et-last-child et_block_column et_pb_css_mix_blend_mode_passthrough\">\n<div aria-label=\"Portrait d\u2019un collaborateur du terminal Euro Terminal Kehl en veste de s\u00e9curit\u00e9 jaune \u2013 en arri\u00e8re-plan, des conteneurs et des \u00e9quipements de manutention illustrent l\u2019activit\u00e9 op\u00e9rationnelle sur le site.\"  class=\"et_pb_text_13 et_pb_text et_pb_bg_layout_light et_pb_module et_block_module\"><div class=\"et_pb_text_inner\"><div class=\"nested-row nested-cols-2 nested-row-container\">\n<div class=\"nested-col col-space-between\">\n<div>\n<h2>Ton travail dans le port de Kehl.<br \/>Renforce notre \u00e9quipe portuaire !<\/h2>\n<p><a href=\"https:\/\/www.euroterminal-kehl.com\/karriere\/\" class=\"link-underlined\">en savoir plus <span class=\"icon-arrow-small-right\"><\/span><\/a><\/p>\n<\/div>\n<div><strong>Des carri\u00e8res dynamiques au c\u0153ur de la logistique<\/strong><br \/>Dans l'environnement anim\u00e9 de notre port, nous recherchons des conducteurs de grues \u00e0 conteneurs et de chariots \u00e9l\u00e9vateurs motiv\u00e9s, pr\u00eats \u00e0 contribuer \u00e0 l'efficacit\u00e9 et au dynamisme de nos processus logistiques. Rejoins une \u00e9quipe qui met l'accent sur la pr\u00e9cision et le travail d'\u00e9quipe et commence ta carri\u00e8re dans un lieu o\u00f9 l'histoire s'\u00e9crit chaque jour.<\/div>\n<\/div>\n<div class=\"nested-col\"><img decoding=\"async\" class=\"grid-image grid-image-large\" src=\"\/\/etk-19a5a.kxcdn.com\/wp-content\/uploads\/2024\/05\/ETK_Euro_Terminal_Kehl_Mitarbeiterfotos-2000px-5.webp\" \/><\/div>\n<\/div>\n<\/div><\/div>\n\n<div class=\"et_pb_text_14 et_pb_text et_pb_bg_layout_light et_pb_module et_block_module\"><div class=\"et_pb_text_inner\"><div class=\"nested-row nested-cols-2 nested-row-container\">\n<div class=\"nested-col\" style=\"display: flex; flex-direction: column; justify-content: space-between;\"><span>Partenariat<\/span><\/div>\n<div class=\"nested-col\" style=\"display: flex; flex-direction: column; justify-content: space-between;\">\n<h2>Nos partenaires :<br \/>\nL'union fait la force dans la logistique<\/h2>\n<\/div>\n<\/div>\n<\/div><\/div>\n\n<div aria-label=\"Logos des partenaires fondateurs de l\u2019Euro Terminal Kehl : Klumpp + M\u00fcller avec pictogrammes multimodaux et Haeger &amp; Schmidt Logistics \u2013 acteurs de la logistique int\u00e9gr\u00e9e.\"  class=\"et_pb_text_15 et_pb_text et_pb_bg_layout_light et_pb_module et_block_module\"><div class=\"et_pb_text_inner\"><div class=\"nested-row nested-cols-2 nested-row-container\">\n<div class=\"nested-col\" style=\"display: flex; flex-direction: column; justify-content: space-between;\">\n<div class=\"logo-container\"><span class=\"icon-klumpp-mueller-extended\"><\/span><\/div>\n<p><strong>Klumpp + M\u00fcller GmbH &amp; Co. KG<\/strong><\/p>\n<div>Klumpp + M\u00fcller se sp\u00e9cialise dans la logistique innovante des conteneurs, propose des solutions sur mesure et renforce l'efficacit\u00e9 de la cha\u00eene d'approvisionnement en partenariat avec Euro Terminal Kehl. Leur expertise optimise les processus de transport et de logistique, adapt\u00e9s aux exigences sp\u00e9cifiques des clients.<\/div>\n<p><a href=\"https:\/\/www.klumpp.com\/\" class=\"link-underlined\">en savoir plus <span class=\"icon-arrow-small-right\"><\/span><\/a><\/p>\n<\/div>\n<div class=\"nested-col\" style=\"display: flex; flex-direction: column; justify-content: space-between;\">\n<div class=\"logo-container\"><span class=\"icon-haeger-schmidt-logistics\"><\/span><\/div>\n<p><strong>Haeger &amp; Schmidt Logistics GmbH<\/strong><\/p>\n<div>En tant qu'expert en navigation fluviale et en solutions de transport trimodal, Haeger &amp; Schmidt Logistics, en coop\u00e9ration avec Euro Terminal Kehl, \u00e9largit ses services logistiques en proposant des moyens \u00e9cologiques et rentables. Son focus sur l'innovation et le service client la positionne comme un acteur cl\u00e9 dans le secteur de la logistique.<\/div>\n<p><a href=\"https:\/\/haegerundschmidt.com\/\" class=\"link-underlined\">en savoir plus <span class=\"icon-arrow-small-right\"><\/span><\/a><\/p>\n<\/div>\n<\/div>\n<\/div><\/div>\n<\/div>\n<\/div>\n<\/div>","protected":false},"excerpt":{"rendered":"","protected":false},"author":1,"featured_media":367,"parent":0,"menu_order":0,"comment_status":"closed","ping_status":"closed","template":"","meta":{"_acf_changed":false,"inline_featured_image":false,"footnotes":""},"class_list":["post-638","page","type-page","status-publish","has-post-thumbnail","hentry"],"acf":[],"tag_names":[],"category_names":[],"thumbnail":"https:\/\/etk-19a5a.kxcdn.com\/wp-content\/uploads\/2024\/05\/etk-euroterminal-kehl-hafen-scaled.webp","_links":{"self":[{"href":"https:\/\/www.euroterminal-kehl.com\/fr\/wp-json\/wp\/v2\/pages\/638","targetHints":{"allow":["GET"]}}],"collection":[{"href":"https:\/\/www.euroterminal-kehl.com\/fr\/wp-json\/wp\/v2\/pages"}],"about":[{"href":"https:\/\/www.euroterminal-kehl.com\/fr\/wp-json\/wp\/v2\/types\/page"}],"author":[{"embeddable":true,"href":"https:\/\/www.euroterminal-kehl.com\/fr\/wp-json\/wp\/v2\/users\/1"}],"replies":[{"embeddable":true,"href":"https:\/\/www.euroterminal-kehl.com\/fr\/wp-json\/wp\/v2\/comments?post=638"}],"version-history":[{"count":17,"href":"https:\/\/www.euroterminal-kehl.com\/fr\/wp-json\/wp\/v2\/pages\/638\/revisions"}],"predecessor-version":[{"id":1461,"href":"https:\/\/www.euroterminal-kehl.com\/fr\/wp-json\/wp\/v2\/pages\/638\/revisions\/1461"}],"wp:featuredmedia":[{"embeddable":true,"href":"https:\/\/www.euroterminal-kehl.com\/fr\/wp-json\/wp\/v2\/media\/367"}],"wp:attachment":[{"href":"https:\/\/www.euroterminal-kehl.com\/fr\/wp-json\/wp\/v2\/media?parent=638"}],"curies":[{"name":"wp","href":"https:\/\/api.w.org\/{rel}","templated":true}]}}