{"id":645,"date":"2024-05-22T10:43:23","date_gmt":"2024-05-22T08:43:23","guid":{"rendered":"https:\/\/www.euroterminal-kehl.com\/carriere\/"},"modified":"2026-05-08T09:01:10","modified_gmt":"2026-05-08T07:01:10","slug":"carriere","status":"publish","type":"page","link":"https:\/\/www.euroterminal-kehl.com\/fr\/carriere\/","title":{"rendered":"Carri\u00e8re"},"content":{"rendered":"\n<div class=\"et_pb_section_0 et_pb_section et_section_regular et_block_section\"><div class=\"et_pb_row_0 et_pb_row et_block_row\"><div class=\"et_pb_column_0 et_pb_column et_pb_column_4_4 et-last-child et_block_column et_pb_css_mix_blend_mode_passthrough\"><div aria-label=\"Employ\u00e9 du terminal Euro Terminal Kehl en veste de s\u00e9curit\u00e9 jaune, souriant devant des conteneurs et des \u00e9quipements de manutention \u2013 illustrant une opportunit\u00e9 de carri\u00e8re au c\u0153ur du port de Kehl.\"  class=\"et_pb_code_0 et_pb_code et_pb_section_parallax et_pb_module\"><span class=\"et-pb-parallax-wrapper\"><span class=\"et-pb-parallax-background et-pb-parallax-background-module--divi-code-0\" style=\"background-image:url(https:\/\/etk-19a5a.kxcdn.com\/wp-content\/uploads\/2024\/05\/ETK_Euro_Terminal_Kehl_Mitarbeiterfotos-2000px-5.webp)\"><\/span><\/span><div class=\"et_pb_code_inner\"><div class=\"video-hero-content\">\n  <h1>\n Ta carri\u00e8re <br>\n dans le port de Kehl\n  <\/h1>\n  <a href=\"#karriere\" class=\"hero-button\">\n    <span class=\"hero-button-link\">En savoir plus<\/span>\n    <span class=\"icon-arrow-small-right\"><\/span>\n  <\/a>\n<\/div><\/div><\/div><\/div><\/div><\/div><div class=\"et_pb_section_1 et_pb_section et_section_regular et_block_section\"><div class=\"et_pb_row_1 et_pb_row et_pb_equal_columns et_block_row\"><div class=\"et_pb_column_1 et_pb_column et_pb_column_3_5 et_block_column et_pb_css_mix_blend_mode_passthrough\"><div class=\"et_pb_text_0 et_pb_text et_pb_bg_layout_light et_pb_module et_block_module\"><div class=\"et_pb_text_inner\"><h2 class=\"highlight\">Nous te cherchons !<\/h2>\n<h2>Commence ta carri\u00e8re avec nous !<\/h2>\n<\/div><\/div><\/div><div class=\"et_pb_column_2 et_pb_column et_pb_column_2_5 et-last-child et_block_column et_pb_css_mix_blend_mode_passthrough\"><div class=\"et_pb_text_1 et_pb_text et_pb_bg_layout_light et_pb_module et_block_module\"><div class=\"et_pb_text_inner\"><p>D\u00e9couvre \u00e0 l'Euro Terminal Kehl un monde d'opportunit\u00e9s professionnelles dans un port fluvial en pleine effervescence. Nous accordons une grande importance au travail d'\u00e9quipe et nous appr\u00e9cions la comp\u00e9tence professionnelle, la fiabilit\u00e9 ainsi qu'un climat de travail propice. Saisis l'opportunit\u00e9 de participer \u00e0 des projets passionnants et d'\u00e9largir continuellement tes comp\u00e9tences professionnelles. En collaboration avec des coll\u00e8gues engag\u00e9s, tu peux y obtenir des r\u00e9sultats significatifs. Pose ta candidature d\u00e8s maintenant et fa\u00e7onne avec nous l'avenir du transport de marchandises !<\/p>\n<\/div><\/div><div class=\"et_pb_text_2 et_pb_text et_pb_bg_layout_light et_pb_module et_block_module\"><div class=\"et_pb_text_inner\"><p><a href=\"#karriere\" class=\"link-underlined\">vers les emplois <span class=\"icon-arrow-small-right\"><\/span><\/a><\/p>\n<\/div><\/div><\/div><\/div><\/div><div class=\"et_pb_section_2 et_pb_section et_section_regular et_block_section\"><div class=\"et_pb_row_2 et_pb_row et_block_row\"><div class=\"et_pb_column_3 et_pb_column et_pb_column_4_4 et-last-child et_block_column et_pb_css_mix_blend_mode_passthrough\"><div aria-label=\"Trois vues du terminal Euro Terminal Kehl : \u00e0 gauche, un reachstacker d\u00e9pla\u00e7ant un conteneur ; au centre, un navire \u00e0 quai vu du dessus ; \u00e0 droite, des piles de conteneurs sous ciel bleu avec la grue signal\u00e9tique Terminal Kehl \u2013 illustration des op\u00e9rations logistiques trimodales.\"  class=\"et_pb_text_3 et_pb_text et_pb_bg_layout_light et_pb_module et_block_module\"><div class=\"et_pb_text_inner\"><div class=\"nested-row nested-cols-7 nested-cols-force-1\">\n<div class=\"nested-col grid-span-2\"><img decoding=\"async\" class=\"grid-image\" src=\"\/\/etk-19a5a.kxcdn.com\/wp-content\/uploads\/2024\/05\/etk-kehl-kopfmedia-004.webp\" \/><\/div>\n<div class=\"nested-col grid-span-3\"><img decoding=\"async\" class=\"grid-image\" src=\"\/\/etk-19a5a.kxcdn.com\/wp-content\/uploads\/2024\/05\/etk-kehl-kopfmedia-005.webp\" \/><\/div>\n<div class=\"nested-col grid-span-2\"><img decoding=\"async\" class=\"grid-image\" src=\"\/\/etk-19a5a.kxcdn.com\/wp-content\/uploads\/2024\/05\/etk-kehl-kopfmedia-003.webp\" \/><\/div>\n<\/div>\n<\/div><\/div><\/div><\/div><\/div><div class=\"et_pb_section_3 et_pb_section et_section_regular et_block_section\" id=\"carri\u00e8re\"><div class=\"et_pb_row_3 et_pb_row et_block_row\"><div class=\"et_pb_column_4 et_pb_column et_pb_column_4_4 et-last-child et_block_column et_pb_css_mix_blend_mode_passthrough\"><div class=\"et_pb_text_4 et_pb_text et_pb_bg_layout_light et_pb_module et_block_module\"><div class=\"et_pb_text_inner\"><h2 class=\"highlight\">Carri\u00e8re<\/h2>\n<h2>Aper\u00e7u de tous les emplois<\/h2>\n<\/div><\/div><div class=\"et_pb_code_1 et_pb_code et_pb_module\"><div class=\"et_pb_code_inner\"><div id=\"vue-wordpress-app-b7d8dcab-26b7-4042-82a8-dd06058a2b92\" data-app-url=\"https:\/\/www.euroterminal-kehl.com\" data-fcaptcha-sitekey=\"FCMHA65IB7VJVJ6S\" data-component=\"job-list\" data-lang=\"fr\"><\/div><\/div><\/div><\/div><\/div><\/div><div class=\"et_pb_section_4 et_pb_section et_section_regular et_block_section\"><div class=\"et_pb_row_4 et_pb_row et_pb_equal_columns et_block_row\"><div class=\"et_pb_column_5 et_pb_column et_pb_column_2_5 et_block_column et_pb_css_mix_blend_mode_passthrough\"><div class=\"et_pb_text_5 et_pb_text et_pb_bg_layout_light et_pb_module et_block_module\"><div class=\"et_pb_text_inner\"><h2 class=\"highlight\">Pr\u00e9sentation<\/h2>\n<h2>Evelyne Hum, Branch Manager<\/h2>\n<\/div><\/div><\/div><div class=\"et_pb_column_6 et_pb_column et_pb_column_3_5 et-last-child et_block_column et_pb_css_mix_blend_mode_passthrough\"><div class=\"et_pb_code_2 et_pb_code et_pb_module\"><div class=\"et_pb_code_inner\"><div id=\"vue-wordpress-app-ef89eea2-1a65-4877-a903-ba713f3dbb14\" data-app-url=\"https:\/\/www.euroterminal-kehl.com\" data-fcaptcha-sitekey=\"FCMHA65IB7VJVJ6S\" data-component=\"video-player\" data-videoplayer=\"{&quot;id&quot;:1221}\" data-lang=\"fr\"><\/div><\/div><\/div><\/div><\/div><\/div><div class=\"et_pb_section_5 et_pb_section et_section_regular et_block_section\"><div class=\"et_pb_row_5 et_pb_row et_pb_equal_columns et_block_row\"><div class=\"et_pb_column_7 et_pb_column et_pb_column_4_4 et-last-child et_block_column et_pb_css_mix_blend_mode_passthrough\"><div aria-label=\"Portrait d\u2019un collaborateur du terminal Euro Terminal Kehl v\u00eatu d\u2019un \u00e9quipement de s\u00e9curit\u00e9 jaune \u2013 souriant devant un fond logistique actif de conteneurs, grues et remorques.\"  class=\"et_pb_text_6 et_pb_text et_pb_bg_layout_light et_pb_module et_block_module\"><div class=\"et_pb_text_inner\"><div class=\"nested-row nested-cols-2\">\n<div class=\"nested-col col-space-between\">\n<div>\n<h2>Qu'est-ce qui fait du port de Kehl un lieu de travail particulier ?<\/h2>\n<\/div>\n<div><strong>D\u00e9couvre les avantages d'un emploi au c\u0153ur de l'Europe<\/strong><br \/>Chez nous, tu ne trouveras pas seulement une communaut\u00e9 forte, mais tu profiteras aussi d'opportunit\u00e9s directes de d\u00e9veloppement professionnel et de possibilit\u00e9s de promotion. Nous t'offrons un environnement de travail dynamique au bord du Rhin, avec de nouveaux d\u00e9fis quotidiens. Profite des avantages d'horaires de travail flexibles, d'offres de promotion de la sant\u00e9 et d'un package salarial attractif. Rejoins une \u00e9quipe qui valorise l'innovation et obtient ensemble des succ\u00e8s durables.<\/div>\n<\/div>\n<div class=\"nested-col\"><img decoding=\"async\" class=\"grid-image grid-image-large\" src=\"\/\/etk-19a5a.kxcdn.com\/wp-content\/uploads\/2024\/05\/ETK_Euro_Terminal_Kehl_Mitarbeiterfotos-2000px-5.webp\" \/><\/div>\n<\/div>\n<\/div><\/div><\/div><\/div><\/div><div class=\"et_pb_section_6 et_pb_section et_section_regular et_block_section\"><div class=\"et_pb_row_6 et_pb_row et_block_row\"><div class=\"et_pb_column_8 et_pb_column et_pb_column_4_4 et-last-child et_block_column et_pb_css_mix_blend_mode_passthrough\"><div aria-label=\"Vue a\u00e9rienne du Rhin au lever du soleil, bord\u00e9 de for\u00eats et de chemins \u2013 incarne l\u2019environnement naturel exceptionnel du port de Kehl et sa promesse de carri\u00e8re sur la plus belle rivi\u00e8re int\u00e9rieure du monde.\"  class=\"et_pb_code_3 et_pb_code et_pb_module\"><div class=\"et_pb_code_inner\"><div class=\"image-hero-content\">\n  <h2 style=\"color: white;\">Ton travail sur ce qui est probablement <br>\nla plus belle rivi\u00e8re int\u00e9rieure du monde.<\/h2>\n \n<\/div><\/div><\/div><\/div><\/div><\/div><div class=\"et_pb_section_7 et_pb_section et_section_regular et_block_section\"><div class=\"et_pb_row_7 et_pb_row et_pb_row_3-4_1-4 et_pb_equal_columns et_block_row et_block_row_3-4_1-4\"><div class=\"et_pb_column_9 et_pb_column et_pb_column_3_4 et_block_column et_pb_css_mix_blend_mode_passthrough\"><div class=\"et_pb_text_7 et_pb_text et_pb_bg_layout_light et_pb_module et_block_module\"><div class=\"et_pb_text_inner\"><p>Personne de contact<\/p>\n<\/div><\/div><div class=\"et_pb_text_8 et_pb_text et_pb_bg_layout_light et_pb_module et_block_module\"><div class=\"et_pb_text_inner\"><h2>Tu as des questions ?<br \/>\nN'h\u00e9site pas \u00e0 te manifester !<\/h2>\n<\/div><\/div><div class=\"et_pb_text_9 et_pb_text et_pb_bg_layout_light et_pb_module et_block_module\"><div class=\"et_pb_text_inner\"><div style=\"display: flex; gap: 10px; flex-wrap: wrap;\">\n<p><a class=\"link-underlined\" href=\"mailto:hum@euroterminal-kehl.com\">hum@euroterminal-kehl.com\u200e\u00a0<\/a><\/p>\n<p><a href=\"tel:+497851898840\" class=\"link-underlined\">+49 (0) 78 51 \/ 89 88 40 <span class=\"icon-arrow-small-right\"><\/span><\/a><\/p>\n<\/div>\n<\/div><\/div><\/div><div class=\"et_pb_column_10 et_pb_column et_pb_column_1_4 et-last-child et_block_column et_pb_css_mix_blend_mode_passthrough\"><div aria-label=\"Portrait professionnel d\u2019Evelyne Hum, directrice du site Euro Terminal Kehl, devant une zone logistique avec des conteneurs \u2013 incarne la gestion strat\u00e9gique et la pr\u00e9sence f\u00e9minine dans le leadership portuaire.\"  class=\"et_pb_code_4 et_pb_code et_pb_module\"><div class=\"et_pb_code_inner\"><div class=\"nested-row nested-cols-1 nested-cols-force-1\">\n<div class=\"nested-col\">\n<img decoding=\"async\" class=\"grid-image\" src=\"\/\/etk-19a5a.kxcdn.com\/wp-content\/uploads\/2024\/08\/etk-business-portraits-2000px-7.webp\">\n<\/div>\n<\/div><\/div><\/div><\/div><\/div><\/div>\n","protected":false},"excerpt":{"rendered":"","protected":false},"author":1,"featured_media":361,"parent":0,"menu_order":0,"comment_status":"closed","ping_status":"closed","template":"","meta":{"_acf_changed":false,"inline_featured_image":false,"footnotes":""},"class_list":["post-645","page","type-page","status-publish","has-post-thumbnail","hentry"],"acf":[],"tag_names":[],"category_names":[],"thumbnail":"https:\/\/etk-19a5a.kxcdn.com\/wp-content\/uploads\/2024\/05\/ETK_Euro_Terminal_Kehl_Mitarbeiterfotos-2000px-5.webp","_links":{"self":[{"href":"https:\/\/www.euroterminal-kehl.com\/fr\/wp-json\/wp\/v2\/pages\/645","targetHints":{"allow":["GET"]}}],"collection":[{"href":"https:\/\/www.euroterminal-kehl.com\/fr\/wp-json\/wp\/v2\/pages"}],"about":[{"href":"https:\/\/www.euroterminal-kehl.com\/fr\/wp-json\/wp\/v2\/types\/page"}],"author":[{"embeddable":true,"href":"https:\/\/www.euroterminal-kehl.com\/fr\/wp-json\/wp\/v2\/users\/1"}],"replies":[{"embeddable":true,"href":"https:\/\/www.euroterminal-kehl.com\/fr\/wp-json\/wp\/v2\/comments?post=645"}],"version-history":[{"count":25,"href":"https:\/\/www.euroterminal-kehl.com\/fr\/wp-json\/wp\/v2\/pages\/645\/revisions"}],"predecessor-version":[{"id":1424,"href":"https:\/\/www.euroterminal-kehl.com\/fr\/wp-json\/wp\/v2\/pages\/645\/revisions\/1424"}],"wp:featuredmedia":[{"embeddable":true,"href":"https:\/\/www.euroterminal-kehl.com\/fr\/wp-json\/wp\/v2\/media\/361"}],"wp:attachment":[{"href":"https:\/\/www.euroterminal-kehl.com\/fr\/wp-json\/wp\/v2\/media?parent=645"}],"curies":[{"name":"wp","href":"https:\/\/api.w.org\/{rel}","templated":true}]}}