{"id":648,"date":"2024-05-15T12:46:43","date_gmt":"2024-05-15T10:46:43","guid":{"rendered":"https:\/\/www.euroterminal-kehl.com\/contact\/"},"modified":"2025-05-09T08:53:26","modified_gmt":"2025-05-09T06:53:26","slug":"contact","status":"publish","type":"page","link":"https:\/\/www.euroterminal-kehl.com\/fr\/contact\/","title":{"rendered":"Contact"},"content":{"rendered":"<p>[et_pb_section fb_built=&#8221;1&#8243; _builder_version=&#8221;4.25.0&#8243; _module_preset=&#8221;default&#8221; global_colors_info=&#8221;{}&#8221;][et_pb_row _builder_version=&#8221;4.25.1&#8243; _module_preset=&#8221;default&#8221; background_enable_color=&#8221;off&#8221; background_enable_video_mp4=&#8221;off&#8221; background_video_pause_outside_viewport=&#8221;off&#8221; max_width=&#8221;1800px&#8221; border_radii=&#8221;on|20px|20px|20px|20px&#8221; global_colors_info=&#8221;{}&#8221;][et_pb_column type=&#8221;4_4&#8243; _builder_version=&#8221;4.25.0&#8243; _module_preset=&#8221;default&#8221; global_colors_info=&#8221;{}&#8221;][et_pb_code _builder_version=&#8221;4.27.4&#8243; _module_preset=&#8221;default&#8221; background_image=&#8221;https:\/\/etk-19a5a.kxcdn.com\/wp-content\/uploads\/2024\/05\/etk-euroterminal-kehl-rhein.webp&#8221; parallax=&#8221;on&#8221; background_enable_video_mp4=&#8221;off&#8221; hover_enabled=&#8221;0&#8243; border_radii=&#8221;on|20px|20px|20px|20px&#8221; global_colors_info=&#8221;{}&#8221; dvmd_acat_aria_label=&#8221;Vue a\u00e9rienne d\u2019un bateau fluvial naviguant sur le Rhin au lever du soleil \u2013 arri\u00e8re-plan naturel illustrant la page de contact du terminal Euro Terminal Kehl et soulignant la proximit\u00e9 avec la voie navigable.&#8221; sticky_enabled=&#8221;0&#8243;]<\/p>\n<div class=\"video-hero-content align-items-center\"><!-- [et_pb_line_break_holder] -->  <\/p>\n<h1><!-- [et_pb_line_break_holder] --> Contact<!-- [et_pb_line_break_holder] -->  <\/h1>\n<p><!-- [et_pb_line_break_holder] --><\/div>\n<p>[\/et_pb_code][\/et_pb_column][\/et_pb_row][\/et_pb_section][et_pb_section fb_built=&#8221;1&#8243; custom_padding_last_edited=&#8221;on|phone&#8221; _builder_version=&#8221;4.25.2&#8243; _module_preset=&#8221;default&#8221; custom_padding_tablet=&#8221;&#8221; custom_padding_phone=&#8221;0px||0px||false|false&#8221; global_colors_info=&#8221;{}&#8221;][et_pb_row column_structure=&#8221;1_2,1_2&#8243; _builder_version=&#8221;4.25.1&#8243; _module_preset=&#8221;default&#8221; max_width=&#8221;1600px&#8221; global_colors_info=&#8221;{}&#8221;][et_pb_column type=&#8221;1_2&#8243; _builder_version=&#8221;4.25.1&#8243; _module_preset=&#8221;default&#8221; custom_css_main_element=&#8221;margin: auto;&#8221; global_colors_info=&#8221;{}&#8221;][et_pb_text _builder_version=&#8221;4.25.1&#8243; _module_preset=&#8221;default&#8221; global_colors_info=&#8221;{}&#8221;]<\/p>\n<h2>Coordonn\u00e9es<\/h2>\n<p>[\/et_pb_text][et_pb_text _builder_version=&#8221;4.25.2&#8243; _module_preset=&#8221;default&#8221; global_colors_info=&#8221;{}&#8221;]<\/p>\n<p style=\"display: flex; flex-wrap: wrap; gap: 10px;\"><strong>Importation<\/strong><a class=\"link-underlined\" href=\"mailto:import@euroterminal-kehl.com\">import@euroterminal-kehl.com<\/a><\/p>\n<p><strong>Exportation<\/strong> <a class=\"link-underlined\" href=\"mailto:export@euroterminal-kehl.com\" style=\"display: inline !important;\">export@euroterminal-kehl.com<\/a><\/p>\n<p><strong>D\u00e9p\u00f4t <\/strong><a class=\"link-underlined\" href=\"mailto:depot@euroterminal-kehl.com\" style=\"display: inline !important;\">depot@euroterminal-kehl.com<\/a><\/p>\n<p><strong>T\u00e9l\u00e9phone<\/strong> <a class=\"link-underlined\" href=\"tel:+497851898840\">+49 (0) 78 51 \/ 89 88 40 <span class=\"icon-arrow-small-right\"><\/span><\/a><\/p>\n<p>[\/et_pb_text][\/et_pb_column][et_pb_column type=&#8221;1_2&#8243; _builder_version=&#8221;4.25.1&#8243; _module_preset=&#8221;default&#8221; custom_css_main_element=&#8221;margin: auto;&#8221; global_colors_info=&#8221;{}&#8221;][et_pb_text _builder_version=&#8221;4.25.1&#8243; _module_preset=&#8221;default&#8221; global_colors_info=&#8221;{}&#8221;]<\/p>\n<h2>Adresse<\/h2>\n<p>[\/et_pb_text][et_pb_text _builder_version=&#8221;4.25.1&#8243; _module_preset=&#8221;default&#8221; global_colors_info=&#8221;{}&#8221;]<\/p>\n<div style=\"display:flex;flex-wrap:wrap; gap: 10px;\">\n<span>ETK Euro Terminal Kehl GmbH<\/span><br \/>\n<a class=\"link-underlined\" href=\"\/\">Hafenstra\u00dfe 35, 77694 Kehl <span class=\"icon-arrow-small-right\"><\/span><\/a>\n<\/div>\n<p>[\/et_pb_text][\/et_pb_column][\/et_pb_row][\/et_pb_section][et_pb_section fb_built=&#8221;1&#8243; custom_padding_last_edited=&#8221;on|phone&#8221; _builder_version=&#8221;4.25.2&#8243; _module_preset=&#8221;default&#8221; custom_padding_tablet=&#8221;&#8221; custom_padding_phone=&#8221;0px||0px||false|false&#8221; global_colors_info=&#8221;{}&#8221;][et_pb_row disabled_on=&#8221;off|off|off&#8221; _builder_version=&#8221;4.25.2&#8243; _module_preset=&#8221;default&#8221; max_width=&#8221;1600px&#8221; locked=&#8221;off&#8221; global_colors_info=&#8221;{}&#8221;][et_pb_column type=&#8221;4_4&#8243; _builder_version=&#8221;4.25.0&#8243; _module_preset=&#8221;default&#8221; global_colors_info=&#8221;{}&#8221;][et_pb_text _builder_version=&#8221;4.27.4&#8243; _module_preset=&#8221;default&#8221; hover_enabled=&#8221;0&#8243; global_colors_info=&#8221;{}&#8221; dvmd_acat_aria_label=&#8221;Portraits de l\u2019\u00e9quipe dirigeante d\u2019Euro Terminal Kehl : Yannick Farhand et Maik Bastian, directeurs g\u00e9n\u00e9raux, ainsi qu\u2019Evelyne Hum, directrice d\u2019agence \u2013 photographi\u00e9s sur site devant conteneurs et grues portuaires.&#8221; sticky_enabled=&#8221;0&#8243;]<\/p>\n<div class=\"nested-row nested-cols-6 nested-cols-force-1\">\n<div class=\"nested-col grid-span-2\">\n<p><img decoding=\"async\" class=\"grid-image\" src=\"\/\/etk-19a5a.kxcdn.com\/wp-content\/uploads\/2024\/11\/ETK_Euro_Terminal_Kehl_Mitarbeiterfotos-2_warm.webp\" \/><\/p>\n<p><span>Directeur g\u00e9n\u00e9ral<\/span><\/p>\n<p><span style=\"font-size: 14px;\">\u00a0<\/span><\/p>\n<h2>Yannick Farhand<\/h2>\n<div style=\"display: flex; flex-wrap: wrap; gap: 10px;\"><a class=\"link-underlined\" href=\"mailto:farhand@euroterminal-kehl.com\u200e\">farhand@euroterminal-kehl.com\u200e<\/a><\/div>\n<\/div>\n<div class=\"nested-col grid-span-2\">\n<p><img decoding=\"async\" class=\"grid-image\" src=\"\/\/etk-19a5a.kxcdn.com\/wp-content\/uploads\/2024\/11\/kopfmedia_etk_10_24_2000px-08709.webp\" \/><br \/><span>Directeur g\u00e9n\u00e9ral<\/span><\/p>\n<p>&nbsp;<\/p>\n<h2>Maik Bastian<\/h2>\n<div style=\"display: flex; flex-wrap: wrap; gap: 10px;\"><a class=\"link-underlined\" href=\"mailto:bastian@euroterminal-kehl.com\u200e\">bastian@euroterminal-kehl.com\u200e<\/a><\/div>\n<\/div>\n<div class=\"nested-col grid-span-2\">\n<p><img decoding=\"async\" class=\"grid-image\" src=\"\/\/etk-19a5a.kxcdn.com\/wp-content\/uploads\/2024\/08\/etk-business-portraits-2000px-3.webp\" \/><br \/>Directeur d&#8217;agence<\/p>\n<p>&nbsp;<\/p>\n<h2>Evelyne Hum<\/h2>\n<div style=\"display: flex; flex-wrap: wrap; gap: 10px;\"><a class=\"link-underlined\" href=\"mailto:hum@euroterminal-kehl.com\">hum@euroterminal-kehl.com <span class=\"icon-arrow-small-right\"><\/span><\/a><\/div>\n<\/div>\n<\/div>\n<p>[\/et_pb_text][\/et_pb_column][\/et_pb_row][\/et_pb_section]<\/p>\n","protected":false},"excerpt":{"rendered":"<p>Coordonn\u00e9esImportationimport@euroterminal-kehl.com Exportation export@euroterminal-kehl.com D\u00e9p\u00f4t depot@euroterminal-kehl.com T\u00e9l\u00e9phone +49 (0) 78 51 \/ 89 88 40 Adresse ETK Euro Terminal Kehl GmbH Hafenstra\u00dfe 35, 77694 Kehl Directeur g\u00e9n\u00e9ral \u00a0 Yannick Farhand farhand@euroterminal-kehl.com\u200e Directeur g\u00e9n\u00e9ral &nbsp; Maik Bastian bastian@euroterminal-kehl.com\u200e Directeur d&#8217;agence &nbsp; Evelyne Hum hum@euroterminal-kehl.com<\/p>\n","protected":false},"author":1,"featured_media":414,"parent":0,"menu_order":0,"comment_status":"closed","ping_status":"closed","template":"","meta":{"_acf_changed":false,"_et_pb_use_builder":"on","_et_pb_old_content":"","_et_gb_content_width":"","inline_featured_image":false,"footnotes":""},"class_list":["post-648","page","type-page","status-publish","has-post-thumbnail","hentry"],"acf":[],"tag_names":[],"category_names":[],"thumbnail":"https:\/\/etk-19a5a.kxcdn.com\/wp-content\/uploads\/2024\/05\/ETK_Euro_Terminal_Kehl_Mitarbeiterfotos-2000px-2.webp","_links":{"self":[{"href":"https:\/\/www.euroterminal-kehl.com\/fr\/wp-json\/wp\/v2\/pages\/648","targetHints":{"allow":["GET"]}}],"collection":[{"href":"https:\/\/www.euroterminal-kehl.com\/fr\/wp-json\/wp\/v2\/pages"}],"about":[{"href":"https:\/\/www.euroterminal-kehl.com\/fr\/wp-json\/wp\/v2\/types\/page"}],"author":[{"embeddable":true,"href":"https:\/\/www.euroterminal-kehl.com\/fr\/wp-json\/wp\/v2\/users\/1"}],"replies":[{"embeddable":true,"href":"https:\/\/www.euroterminal-kehl.com\/fr\/wp-json\/wp\/v2\/comments?post=648"}],"version-history":[{"count":14,"href":"https:\/\/www.euroterminal-kehl.com\/fr\/wp-json\/wp\/v2\/pages\/648\/revisions"}],"predecessor-version":[{"id":1135,"href":"https:\/\/www.euroterminal-kehl.com\/fr\/wp-json\/wp\/v2\/pages\/648\/revisions\/1135"}],"wp:featuredmedia":[{"embeddable":true,"href":"https:\/\/www.euroterminal-kehl.com\/fr\/wp-json\/wp\/v2\/media\/414"}],"wp:attachment":[{"href":"https:\/\/www.euroterminal-kehl.com\/fr\/wp-json\/wp\/v2\/media?parent=648"}],"curies":[{"name":"wp","href":"https:\/\/api.w.org\/{rel}","templated":true}]}}