{"id":779,"date":"2024-06-17T09:04:35","date_gmt":"2024-06-17T07:04:35","guid":{"rendered":"https:\/\/www.euroterminal-kehl.com\/protection-des-donnees\/"},"modified":"2026-05-08T09:01:14","modified_gmt":"2026-05-08T07:01:14","slug":"protection-des-donnees","status":"publish","type":"page","link":"https:\/\/www.euroterminal-kehl.com\/fr\/protection-des-donnees\/","title":{"rendered":"Protection des donn\u00e9es"},"content":{"rendered":"\n<div class=\"et_pb_section_0 et_pb_section et_section_regular et_block_section\"><div class=\"et_pb_row_0 et_pb_row et_pb_equal_columns et_block_row\"><div class=\"et_pb_column_0 et_pb_column et_pb_column_4_4 et-last-child et_block_column et_pb_css_mix_blend_mode_passthrough\"><div class=\"et_pb_text_0 et_pb_text et_pb_bg_layout_light et_pb_module et_block_module\"><div class=\"et_pb_text_inner\"><h1 style=\"text-align: center;\">Mentions l\u00e9gales<\/h1>\n<\/div><\/div><\/div><\/div><\/div><div class=\"et_pb_section_1 et_pb_section et_section_regular et_block_section\" id=\"globalmarket\"><div class=\"et_pb_row_1 et_pb_row et_pb_equal_columns et_block_row\"><div class=\"et_pb_column_1 et_pb_column et_pb_column_4_4 et-last-child et_block_column et_pb_css_mix_blend_mode_passthrough\"><div class=\"et_pb_text_1 et_pb_text et_pb_bg_layout_light et_pb_module et_block_module\"><div class=\"et_pb_text_inner\"><div class=\"et_pb_section et_pb_section_1 et_section_regular\">\n<div class=\"et_pb_row et_pb_row_2\">\n<div class=\"et_pb_column et_pb_column_4_4 et_pb_column_3 et_pb_css_mix_blend_mode_passthrough et-last-child\">\n<div class=\"et_pb_module et_pb_text et_pb_text_2 et_pb_text_align_left et_pb_bg_layout_light\">\n<div class=\"et_pb_text_inner\">\n<h1>Datenschutzerkl\u00e4rung<\/h1>\n<p>Wie wir mit Ihren personenbezogenen Daten umgehen, erl\u00e4utern wir Ihnen in dieser Datenschutzerkl\u00e4rung. Ma\u00dfgabe ist das geltende Datenschutzrecht, insbesondere die Datenschutz-Grundverordnung (DSGVO). Mit Ausnahme der Dienstleister und Drittanbieter, die wir in dieser Datenschutzerkl\u00e4rung benennen, geben wir keine Daten an Dritte weiter. Wenn Sie Fragen haben, sprechen Sie uns gerne an.<\/p>\n<h2>Inhalt<\/h2>\n<ul>\n<li class=\"first\"><a href=\"https:\/\/www.klumpp.com\/datenschutz\/#verantwortlicher\">Verantwortlicher<\/a><\/li>\n<li><a href=\"https:\/\/www.klumpp.com\/datenschutz\/#allgemeine-informationen\">Allgemeine Informationen<\/a><\/li>\n<li><a href=\"https:\/\/www.klumpp.com\/datenschutz\/#webseitenhosting\">Webseitenhosting<\/a><\/li>\n<li><a href=\"https:\/\/www.klumpp.com\/datenschutz\/#cookies-zaehlpixel-und-mobile-identifier\">Cookies, Z\u00e4hlpixel und Mobile Identifier<\/a><\/li>\n<li><a href=\"https:\/\/www.klumpp.com\/datenschutz\/#kontaktaufnahme\">Kontaktaufnahme<\/a><\/li>\n<li><a href=\"https:\/\/www.klumpp.com\/datenschutz\/#newsletter\">Newsletter<\/a><\/li>\n<li><a href=\"https:\/\/www.klumpp.com\/datenschutz\/#registrierung-fuer-ein-benutzerkonto\">Registrierung f\u00fcr ein Benutzerkonto<\/a><\/li>\n<li><a href=\"https:\/\/www.klumpp.com\/datenschutz\/#stellenbewerbungen\">Stellenbewerbungen<\/a><\/li>\n<li><a href=\"https:\/\/www.klumpp.com\/datenschutz\/#weitere-drittdienste\">Weitere Drittdienste<\/a><\/li>\n<li class=\"last\"><a href=\"https:\/\/www.klumpp.com\/datenschutz\/#rechte-betroffener-personen\">Rechte betroffener Personen<\/a><\/li>\n<\/ul>\n<h2 id=\"verantwortlicher\">Verantwortlicher<\/h2>\n<p>Verantwortlich f\u00fcr die Datenverarbeitung ist<\/p>\n<div class=\"nested-col grid-span-2\">\n<p>ETK Euro Terminal Kehl GmbH<\/p>\n<p>Hafenstra\u00dfe 35<\/p>\n<p>77694 Kehl<\/p>\n<\/div>\n<h3>Datenschutzbeauftragter:<\/h3>\n<p>Ralf Zippelt<br \/>Dipl.-Informatiker (FH)<\/p>\n<p>E-Mail: <a href=\"mailto:r.zippelt@eidel-consulting.de\">r.zippelt@eidel-consulting.de<\/a><br \/>Tel.: <a href=\"tel:+49%207851%20748%20-%20120\"> +49 7851 748 \u2013 120<\/a><\/p>\n<h2 id=\"allgemeine-informationen\">Allgemeine Informationen<\/h2>\n<div><strong>Bereitstellung von Daten<\/strong><\/div>\n<div>\n<p>F\u00fcr eine Nutzung unserer Webseite ist in der Regel weder gesetzlich noch vertraglich vorgeschrieben, personenbezogene Daten zur Verf\u00fcgung stellen. Soweit eine Bereitstellung von Daten f\u00fcr einen Vertragsabschluss erforderlich ist oder der Nutzer dazu verpflichtet ist, personenbezogene Daten bereitzustellen, teilen wir diesen Umstand und welche Folgen die Nichtbereitstellung h\u00e4tte in dieser Datenschutzerkl\u00e4rung mit.<\/p>\n<div>\n<p><strong>Daten\u00fcbermittlung an Drittl\u00e4nder<\/strong><\/p>\n<\/div>\n<div>\n<p>Es ist m\u00f6glich, dass wir Dienstleister und Drittanbieter einsetzen, die in L\u00e4ndern au\u00dferhalb der Europ\u00e4ischen Union und des Europ\u00e4ischen Wirtschaftsraums ans\u00e4ssig sind. Die \u00dcbermittlung personenbezogener Daten in solche Drittl\u00e4nder erfolgt, sofern nicht eine Einwilligung des Nutzers in die Daten\u00fcbermittlung vorliegt, auf der Grundlage eines Angemessenheitsbeschlusses der Europ\u00e4ischen Kommission (Art. 45 DSGVO) oder wir haben geeignete Garantien vorgesehen, um den Datenschutz sicherzustellen (Art. 46 DSGVO). Soweit ein Angemessenheitsbeschluss der Europ\u00e4ischen Kommission f\u00fcr die Daten\u00fcbermittlung in ein Drittland vorhanden ist, weisen wir in dieser Datenschutzerkl\u00e4rung darauf hin. Im \u00dcbrigen gilt, dass Nutzer eine Kopie der geeigneten Garantien, soweit diese nicht bereits in den Datenschutzerkl\u00e4rungen der Dienstleister oder Drittanbieter enthalten ist, \u00fcber uns beziehen k\u00f6nnen.<\/p>\n<\/div>\n<div><strong>Automatisierte Entscheidungsfindung<br \/><\/strong><\/div>\n<div>\n<p>Sollten wir eine automatisierte Entscheidungsfindung einschlie\u00dflich Profiling vornehmen, informieren wir in dieser Datenschutzerkl\u00e4rung \u00fcber diesen Umstand, \u00fcber die involvierte Logik sowie die Tragweite und die angestrebten Auswirkungen einer derartigen Verarbeitung. Im \u00dcbrigen findet eine automatisierte Entscheidungsfindung nicht statt.<\/p>\n<\/div>\n<div><strong>Verarbeitung zu anderen Zwecken<br \/><\/strong><\/div>\n<div>Daten werden grunds\u00e4tzlich nur zu den Zwecken verarbeitet, f\u00fcr die sie erhoben wurden. Sollen sie ausnahmsweise zu anderen Zwecken weiterverarbeitet werden, informieren wir vor dieser Weiterverarbeitung \u00fcber diese anderen Zwecke und stellen alle anderen ma\u00dfgeblichen Informationen zur Verf\u00fcgung (Art. 13 Abs. 3 DSGVO).<\/div>\n<h2 id=\"webseitenhosting\">Webseitenhosting<\/h2>\n<p>Bei jedem Aufruf unserer Webseite \u00fcbertr\u00e4gt der Browser des Nutzers verschiedene Daten. F\u00fcr die Dauer des Besuchs der Webseite werden die folgenden Daten verarbeitet und in Logfiles auch \u00fcber ein Ende der Verbindung hinaus gespeichert:<\/p>\n<ul>\n<li>Browsertyp und verwendete -version<\/li>\n<li>Betriebssystem<\/li>\n<li>Abgerufene Seiten und Dateien<\/li>\n<li>\u00dcbertragene Datenmenge<\/li>\n<li>Datum und Uhrzeit des Abrufs<\/li>\n<li>Provider des Nutzers<\/li>\n<li>IP-Adresse in anonymisierter Form<\/li>\n<li>Referrer URL<\/li>\n<\/ul>\n<p>Die Verarbeitung dieser Daten ist erforderlich, um die Webseite an den Nutzer ausliefern zu k\u00f6nnen und f\u00fcr sein Endger\u00e4t zu optimieren. Die Speicherung in Logfiles dient der Verbesserung der Sicherheit unserer Webseite (z.B. Schutz vor DDOS-Angriffen). IP-Adressen werden vor ihrer Speicherung in Logfiles anonymisiert.<\/p>\n<p>Rechtsgrundlage f\u00fcr die Verarbeitung ist Art. 6 Abs. 1 UAbs. 1 Buchst. f) DSGVO. Unser berechtigtes Interesse besteht in der Bereitstellung der Webseite und der Verbesserung der Webseitensicherheit. Logfiles werden nach 30 Tagen automatisch gel\u00f6scht.<\/p>\n<h2 id=\"cookies-zaehlpixel-und-mobile-identifier\">Cookies, Z\u00e4hlpixel und Mobile Identifier<\/h2>\n<p>Auf unserer Webseite setzen wir Technologien ein, um das genutzte Endger\u00e4t wiederzuerkennen. Es kann sich dabei um Cookies, Z\u00e4hlpixel und\/oder Mobile Identifier handeln.<\/p>\n<p>Das Wiedererkennen eines Endger\u00e4ts kann grunds\u00e4tzlich zu unterschiedlichen Zwecken erfolgen. Es kann notwendig sein, um Funktionen unserer Webseite bereitzustellen, beispielsweise um einen Warenkorb zur Verf\u00fcgung zu stellen. Dar\u00fcber hinaus k\u00f6nnen die genannten Technologien dazu genutzt werden, um das Verhalten von Nutzern auf der Seite nachzuvollziehen, beispielsweise zu Werbezwecken. Welche Technologien wir im Einzelnen nutzen und zu welchen Zwecken, beschreiben wir in dieser Datenschutzerkl\u00e4rung gesondert.<\/p>\n<p>F\u00fcr ein besseres Verst\u00e4ndnis erl\u00e4utern wir nachfolgend allgemein, wie Cookies, Z\u00e4hlpixel und Mobile Identifier funktionieren:<\/p>\n<ul>\n<li>Cookies sind kleine Textdateien, die bestimmte Informationen beinhalten und auf dem Endger\u00e4t des Nutzers gespeichert werden. Zumeist handelt es sich um eine Identifikationsnummer, die einem Endger\u00e4t zugewiesen wird (Cookie ID).<\/li>\n<li>Bei einem Z\u00e4hlpixel handelt es sich um eine transparente Grafikdatei, die auf einer Seite eingebunden wird und eine Logdateianalyse erm\u00f6glicht.<\/li>\n<li>Ein Mobile Identifier ist eine einzigartige Nummer (Mobile ID), die auf einem mobilen Endger\u00e4t gespeichert ist und durch eine Webseite ausgelesen werden kann.<\/li>\n<\/ul>\n<p>Cookies k\u00f6nnen erforderlich sein, damit unsere Webseite ordnungsgem\u00e4\u00df funktioniert. Rechtsgrundlage f\u00fcr den Einsatz derartiger Cookies ist Art. 6 Abs. 1 UAbs. 1 Buchst. f) DSGVO. Unser berechtigtes Interesse besteht in der Bereitstellung der Funktionen unserer Webseite.<\/p>\n<p>F\u00fcr den Betrieb unserer Webseite nicht erforderliche Cookies setzen wir ein, um unser Angebot nutzerfreundlicher zu machen oder die Nutzung unserer Webseite nachvollziehen zu k\u00f6nnen. Die Rechtsgrundlage richtet sich hier danach, ob die Einwilligung des Nutzers einzuholen ist oder wir uns auf ein berechtigtes Interesse berufen k\u00f6nnen. Eine erteilte Einwilligung kann der Nutzer unter anderem durch die Einstellungen in seinem Browser jederzeit widerrufen.<\/p>\n<p>Der Nutzer kann der Verarbeitung von Daten mithilfe von Cookies durch entsprechende Einstellungen in seinem Browser verhindern und ihr widersprechen. Im Falle des Widerspruchs kann es sein, dass nicht alle Funktionen unserer Webseite zur Verf\u00fcgung stehen. \u00dcber weitere M\u00f6glichkeiten des Widerspruchs gegen die Verarbeitung personenbezogener Daten durch Cookies informieren wir in dieser Datenschutzerkl\u00e4rung gesondert. Gegebenenfalls stellen wir Links bereit, mit denen ein Widerspruch erkl\u00e4rt werden kann. Diese sind mit \u201eOpt-Out\u201c beschriftet.<\/p>\n<h2 id=\"kontaktaufnahme\">Kontaktaufnahme<\/h2>\n<p>Im Falle einer Kontaktaufnahme verarbeiten wir die Angaben des Nutzers, Datum und Uhrzeit zum Zwecke der Bearbeitung der Anfrage einschlie\u00dflich eventueller R\u00fcckfragen.<\/p>\n<p>Rechtsgrundlage f\u00fcr die Datenverarbeitung ist Art. 6 Abs. 1 UAbs. 1 Buchst. f) DSGVO. Unser berechtigtes Interesse besteht in der Beantwortung der Anfragen unserer Nutzer. Zus\u00e4tzliche Rechtsgrundlage ist Art. 6 Abs. 1 UAbs. 1 Buchst. b) DSGVO, wenn die Verarbeitung f\u00fcr die Erf\u00fcllung eines Vertrags oder zur Durchf\u00fchrung vorvertraglicher Ma\u00dfnahmen erforderlich ist.<\/p>\n<p>Die Daten werden gel\u00f6scht, sobald die Anfrage einschlie\u00dflich etwaiger R\u00fcckfragen beantwortet ist. Wir \u00fcberpr\u00fcfen in regelm\u00e4\u00dfigen Abst\u00e4nden, mindestens aber alle zwei Jahre, ob im Zusammenhang mit Kontaktaufnahmen angefallene Daten zu l\u00f6schen sind.<\/p>\n<h2 id=\"newsletter\">Newsletter<\/h2>\n<p>Nutzer haben die M\u00f6glichkeit, sich auf unserer Seite f\u00fcr Newsletter anzumelden. Dabei verarbeiten wir die bei der Anmeldung eingegebenen Daten, um eine Best\u00e4tigungsmail an die E-Mail-Adresse des Nutzers senden zu k\u00f6nnen. Nach der Best\u00e4tigung verarbeiten wir die Daten, um Newsletter versenden zu k\u00f6nnen. Zum Zwecke der Personalisierung verarbeiten wir gegebenenfalls auch den Namen des Nutzers, sofern der Nutzer diesen angegeben hat.<\/p>\n<p>Mit der Anmeldung werden Datum und Uhrzeit sowie die IP-Adresse des Nutzers gespeichert, um eine Eintragung nachweisen zu k\u00f6nnen. Diese Daten verarbeiten wir nach Abmeldung zu Nachweiszwecken weiter und l\u00f6schen sie nach Ablauf von drei Jahren zum Schluss des Jahres.<\/p>\n<p><strong>Zur Verbesserung unserer Inhalte messen wir, wie erfolgreich unsere Newsletter sind, beispielsweise wie oft sie von Nutzern ge\u00f6ffnet und welche Links geklickt wurden. Dazu enthalten E-Mails einen Z\u00e4hlpixel. Die Aktivit\u00e4ten einzelner Nutzer vollziehen wir nicht nach.<\/strong><\/p>\n<p>Rechtsgrundlage f\u00fcr die Verarbeitung ist die Einwilligung des Nutzers nach Art. 6 Abs. 1 UAbs. 1 Buchst. a) DSGVO. Im \u00dcbrigen erfolgt die Verarbeitung nach Art. 6 Abs. 1 UAbs. 1 Buchst. f) DSGVO. Berechtigte Interessen unsererseits sind der Versand von Newslettern, die personalisierte Ansprache des Nutzers und der Nachweis, dass sich der Nutzer f\u00fcr den Newsletter angemeldet hat.<\/p>\n<h2 id=\"registrierung-fuer-ein-benutzerkonto\">Registrierung f\u00fcr ein Benutzerkonto<\/h2>\n<p>Nutzer k\u00f6nnen sich auf unserer Webseite f\u00fcr unser Angebot registrieren. In diesem Zusammenhang verarbeiten wir die bei der Anmeldung eingegebenen Daten. Die E-Mail-Adresse lassen wir uns durch Zusendung eines Links best\u00e4tigen (Double-Opt-In), um einen Missbrauch der Registrierungsfunktion zu verhindern. Weiter verarbeiten wir zu diesem Zweck Datum und Uhrzeit und die IP-Adresse des Nutzers. Zu Nachweiszwecken verarbeiten wir bei einem Klick auf den Best\u00e4tigungslink ferner Datum, Uhrzeit und IP-Adresse des Nutzers.<\/p>\n<p>Die Daten werden mit der L\u00f6schung des Benutzeraccounts nach Ablauf von drei Jahren zum Schluss des Jahres gel\u00f6scht, wenn nicht eine l\u00e4ngere gesetzliche Aufbewahrungspflicht entgegensteht.<\/p>\n<p>Rechtsgrundlage f\u00fcr die Verarbeitung ist Art. 6 Abs. 1 UAbs. 1 Buchst. a) DSGVO, soweit wir eine Einwilligung des Nutzers einholen. Ist die Verarbeitung f\u00fcr die Erf\u00fcllung eines Vertrags oder zur Durchf\u00fchrung vorvertraglicher Ma\u00dfnahmen erforderlich, beruht sie auf Art. 6 Abs. 1 UAbs. 1 Buchst. b) DSGVO. Rechtsgrundlage im \u00dcbrigen ist Art. 6 Abs. 1 UAbs. 1 Buchst. f) DSGVO. Unser berechtigtes Interesse besteht darin, den Nutzern einen Zugang zu unserem registrierungspflichtigen Angebot zu erm\u00f6glichen, uns vor einem Missbrauch der Registrierungsfunktion zu sch\u00fctzen und eine ordnungsgem\u00e4\u00dfe Eintragung nachweisen zu k\u00f6nnen. Nach der L\u00f6schung des Benutzeraccounts besteht unser berechtigtes Interesse \u00fcberdies in der Abwehr m\u00f6glicher Anspr\u00fcche.<\/p>\n<h2 id=\"stellenbewerbungen\">Stellenbewerbungen<\/h2>\n<p>Wenn sich Nutzer auf eine Stelle bewerben, verarbeiten wir personenbezogene Daten zum Zweck des Bewerbungsverfahrens. Neben den Daten, die durch den Nutzer \u00fcbermittelt werden, verarbeiten wir weitere Daten, die im Laufe des Bewerbungsverfahrens anfallen (z.B. bei einem Vorstellungsgespr\u00e4ch). Sollten wir Daten in einen Bewerberpool aufnehmen, geschieht dies nur auf Grundlage einer vorherigen Einwilligung des Nutzers. In diesem Falle werden die Daten \u00fcber den Abschluss des Bewerbungsverfahrens hinaus verarbeitet, damit bei passenden Stellenangeboten eine Kontaktaufnahme erfolgen kann.<\/p>\n<p>Bewerberdaten werden drei Monate nach Abschluss des Bewerbungsverfahrens gel\u00f6scht. Bei einer Aufnahme in einen Bewerberpool werden die Daten h\u00f6chstens zwei Jahre aufbewahrt, wenn nicht zuvor die erteilte Einwilligung widerrufen wird.<\/p>\n<p>Rechtsgrundlage f\u00fcr die Verarbeitung ist Art. 6 Abs. 1 UAbs. 1 Buchst. b) DSGVO. Im Falle einer erteilten Einwilligung f\u00fcr die Aufnahme in einen Bewerberpool beruht die Verarbeitung auf Art. 6 Abs. 1 UAbs. 1 Buchst. a) DSGVO. Nach Beendigung des Bewerbungsverfahrens erfolgt die Verarbeitung auf Grundlage von Art. 6 Abs. 1 UAbs. 1 Buchst. f) DSGVO. Unser berechtigtes Interesse besteht in der Abwehr m\u00f6glicher Anspr\u00fcche nach dem Allgemeinen Gleichbehandlungsgesetz.<\/p>\n<h2 id=\"weitere-drittdienste\">Weitere Drittdienste<\/h2>\n<p>&nbsp;<\/p>\n<p><strong>Matomo Analytics<\/strong><\/p>\n<p>Die Reichweite unserer Webseite messen wir mit Matomo, einem Open-Source-Tool, das wir auf unserem eigenen Server betreiben.<\/p>\n<p>Dabei wird ggf. ein Cookie auf dem Endger\u00e4t des Nutzers gesetzt, \u00fcber das die Aktivit\u00e4ten nachverfolgt und beispielsweise wiederkehrende Besuche erkannt werden k\u00f6nnen. Die IP-Adresse des Nutzers wird automatisch gek\u00fcrzt, damit ist ein R\u00fcckschluss auf einzelne Personen nicht mehr m\u00f6glich. Ausgewertet werden unter anderem der ungef\u00e4hre geografische Standort, Endger\u00e4t, Bildschirmaufl\u00f6sung, Browser sowie besuchte Seiten einschlie\u00dflich der Verweildauer.<\/p>\n<p>Soweit wir eine Einwilligung des Nutzers einholen, erfolgt die Verarbeitung von Daten auf der Rechtsgrundlage des Art. 6 Abs. 1 UAbs. 1 Buchst. a) DSGVO. Im \u00dcbrigen beruht sie auf Art. 6 Abs. 1 UAbs. 1 Buchst. f) DSGVO. Unser berechtigtes Interesse besteht in der Optimierung unserer Webseite, der Verbesserung unserer Angebote und dem Online-Marketing.<\/p>\n<div id=\"matomo-opt-out\"><\/div>\n<p>&nbsp;<\/p>\n<p><strong>Google Analytics<\/strong><\/p>\n<p>Zu Analyse der Nutzung unserer Webseite setzen wir Google Analytics ein. Anbieter: Google Ireland Ltd., Google Building Gordon House, 4 Barrow St, Dublin, D04 E5W5, Irland.<\/p>\n<p>Um Aktivit\u00e4ten des Nutzers auf der Webseite nachverfolgen zu k\u00f6nnen, wird ein Cookie auf dem Endger\u00e4t gesetzt. Wir nutzen Google Analytics mit der Erweiterung <em>anonymize IP<\/em>. Die IP-Adresse des Nutzers wird automatisch gek\u00fcrzt, bevor sie an Server in den USA \u00fcbertragen wird. Ausgewertet werden unter anderem der ungef\u00e4hre geografische Standort, Endger\u00e4t, Bildschirmaufl\u00f6sung, Browser sowie besuchte Seiten einschlie\u00dflich der Verweildauer.<\/p>\n<p>Soweit wir eine Einwilligung des Nutzers einholen, erfolgt die Verarbeitung von Daten auf der Rechtsgrundlage des Art. 6 Abs. 1 UAbs. 1 Buchst. a) DSGVO. Im \u00dcbrigen beruht sie auf Art. 6 Abs. 1 UAbs. 1 Buchst. f) DSGVO. Unser berechtigtes Interesse besteht in der Optimierung unserer Webseite, der Verbesserung unserer Angebote und dem Online-Marketing.<\/p>\n<p>Die durch Google Analytics gesammelten Daten werden nach Ablauf von 14 Monaten automatisch gel\u00f6scht.<\/p>\n<p><a href=\"https:\/\/tools.google.com\/dlpage\/gaoptout?hl=de\">Opt-Out<\/a><\/p>\n<p><a href=\"https:\/\/policies.google.com\/privacy?hl=de\">Datenschutzerkl\u00e4rung von Google Analytics<\/a><\/p>\n<p><strong>KeyCDN<\/strong><\/p>\n<p>Wir nutzen das Content-Delivery-Network (CDN) CDN77 ein. Anbieter: proinity LLC, Faerberstrasse 9, 8832 Wollerau, Schweiz.<\/p>\n<p>Inhalte werden von Servern des CDN geladen. Damit eine Verbindung aufgebaut werden kann, ist es technisch notwendig, die IP-Adresse des Nutzers zu \u00fcbertragen.<\/p>\n<p>Rechtsgrundlage f\u00fcr die Verarbeitung ist Art. 6 Abs. 1 UAbs. 1 Buchst. f) DSGVO. Unser berechtigtes Interesse besteht in der Verbesserung der Geschwindigkeit und Verf\u00fcgbarkeit unserer Webseite.<\/p>\n<p>Unternehmenssitz von proinity LLC ist die Schweiz. Die Europ\u00e4ische Kommission hat durch einen <a href=\"https:\/\/eur-lex.europa.eu\/legal-content\/DE\/TXT\/HTML\/?uri=CELEX:32000D0518&amp;from=DE\">Angemessenheitsbeschluss gem. Art. 45 DSGVO<\/a> festgestellt, dass in der Schweiz ein angemessenes Schutzniveau f\u00fcr personenbezogene Daten besteht.<\/p>\n<p><a href=\"https:\/\/www.keycdn.com\/privacy\">Datenschutzerkl\u00e4rung von KeyCDN<\/a><\/p>\n<p><strong>LinkedIn<\/strong><\/p>\n<p>Inhalte und Buttons des sozialen Netzwerks LinkedIn binden wir \u00fcber ein Plugin auf unserer Webseite ein. Anbieter: LinkedIn Corp., 1000 W. Maude Ave., Sunnyvale, California 94085, USA.<\/p>\n<p>Um Inhalte von LinkedIn laden zu k\u00f6nnen ist es technisch notwendig, die IP-Adresse des Nutzers an das Unternehmen zu \u00fcbertragen. Wenn der Nutzer bei LinkedIn eingeloggt ist, kann der Besuch einer Seite dem Account zugeordnet werden.<\/p>\n<p>Soweit wir eine Einwilligung des Nutzers einholen, erfolgt die Verarbeitung von Daten auf der Rechtsgrundlage des Art. 6 Abs. 1 UAbs. 1 Buchst. a) DSGVO. Im \u00dcbrigen beruht sie auf Art. 6 Abs. 1 UAbs. 1 Buchst. f) DSGVO. Unser berechtigtes Interesse f\u00fcr die Einbindung von LinkedIn-Inhalten und Buttons besteht in der nutzerfreundlichen Gestaltung unserer Webseite.<\/p>\n<p><a href=\"https:\/\/www.linkedin.com\/legal\/privacy-policy\">Datenschutzerkl\u00e4rung von LinkedIn<\/a><\/p>\n<p><strong>Sendgrid<\/strong><\/p>\n<p>Zur Verbesserung der Kommunikation mit unseren Nutzern setzen wir Sendgrid ein. Anbieter: Twilio Inc., 645 Harrison Street, Third Floor, San Francisco, CA 94107, USA.<\/p>\n<p>Mit Sendgrid k\u00f6nnen wir E-Mails an Nutzer versenden. Dabei verarbeiten wir die bei der Anmeldung eingegebenen Daten, um eine Best\u00e4tigungsmail an die E-Mail-Adresse des Nutzers senden zu k\u00f6nnen. Nach der Best\u00e4tigung verarbeiten wir die Daten, um E-Mails versenden zu k\u00f6nnen. Zum Zwecke der Personalisierung verarbeiten wir gegebenenfalls auch den Namen des Nutzers, sofern dieser angegeben wurde.<\/p>\n<p>Soweit wir eine Einwilligung des Nutzers einholen, erfolgt die Verarbeitung von Daten auf der Rechtsgrundlage des Art. 6 Abs. 1 UAbs. 1 Buchst. a) DSGVO. Im \u00dcbrigen beruht sie auf Art. 6 Abs. 1 UAbs. 1 Buchst. f) DSGVO. Unser berechtigtes Interesse besteht in einer einfachen und effizienten Kommunikation mit unseren Nutzern.<\/p>\n<p>Zum Schutz personenbezogener Daten haben wir mit Twilio von der EU-Kommission genehmigte Standardvertragsklauseln abgeschlossen: <a href=\"https:\/\/www.twilio.com\/legal\/data-protection-addendum\" rel=\"noopener noreferrer nofollow\">https:\/\/www.twilio.com\/legal\/data-protection-addendum<\/a><\/p>\n<p><a href=\"https:\/\/www.twilio.com\/legal\/privacy\">Datenschutzerkl\u00e4rung von Sendgrid<\/a><\/p>\n<p><strong>Openstreetmap<\/strong><\/p>\n<p>Um Landkarten darstellen zu k\u00f6nnen, nutzen wir Openstreetmap. Anbieter: die Openstreetmap Foundation, St John\u2019s Innovation Centre, Cowley Road, Cambridge, CB4 0WS, Gro\u00dfbritannien. Dabei ist es technisch notwendig, die IP-Adresse des Nutzers zu \u00fcbertragen.<\/p>\n<p>Unternehmenssitz von Openstreetmap ist Gro\u00dfbritannien. Die Europ\u00e4ische Kommission hat durch einen <a target=\"_blank\" rel=\"nofollow noreferrer noopener\" href=\"https:\/\/ec.europa.eu\/info\/sites\/default\/files\/decision_on_the_adequate_protection_of_personal_data_by_the_united_kingdom_-_general_data_protection_regulation_en.pdf\" tt-mode=\"url\">Angemessenheitsbeschluss gem. Art. 45 DSGVO<\/a> festgestellt, dass in Gro\u00dfbritannien ein angemessenes Schutzniveau f\u00fcr personenbezogene Daten besteht.<\/p>\n<p>Der Einsatz von Openstreetmap erfolgt auf der Rechtsgrundlage des Art. 6 Abs. 1 UAbs. 1 Buchst. f) DSGVO. Das berechtigte Interesse unsererseits ist die nutzerfreundliche Gestaltung der Inhalte unserer Webseite.<\/p>\n<p><a href=\"https:\/\/wiki.osmfoundation.org\/wiki\/Privacy_Policy\">Datenschutzerkl\u00e4rung von OpenStreetMap<\/a><\/p>\n<h2 id=\"rechte-betroffener-personen\">Rechte betroffener Personen<\/h2>\n<p>Werden personenbezogene Daten des Nutzers verarbeitet, ist er betroffene Person im Sinne der DSGVO. Betroffenen Personen stehen die folgenden Rechte zu:<\/p>\n<p><strong>Recht auf Auskunft:<\/strong> Die betroffene Person hat das Recht, eine Best\u00e4tigung dar\u00fcber zu verlangen, ob sie betreffende personenbezogene Daten verarbeitet werden. Werden personenbezogene Daten verarbeitet, so hat die betroffene Person ein Recht auf unentgeltliche Auskunft sowie auf eine Kopie der personenbezogenen Daten, die Gegenstand der Verarbeitung sind.<\/p>\n<p><strong>Recht auf Berichtigung:<\/strong> Die betroffene Person hat das Recht, die unverz\u00fcgliche Berichtigung unrichtiger oder Vervollst\u00e4ndigung unvollst\u00e4ndiger personenbezogener Daten zu verlangen.<\/p>\n<p><strong>Recht auf L\u00f6schung:<\/strong> Die betroffene Person hat das Recht, nach Ma\u00dfgabe der gesetzlichen Bestimmungen eine unverz\u00fcgliche L\u00f6schung sie betreffender personenbezogener Daten zu verlangen.<\/p>\n<p><strong>Recht auf Einschr\u00e4nkung der Verarbeitung:<\/strong> Die betroffene Person hat das Recht, nach Ma\u00dfgabe der gesetzlichen Bestimmungen eine Einschr\u00e4nkung der Verarbeitung sie betreffender personenbezogener Daten zu verlangen.<\/p>\n<p><strong>Recht auf Daten\u00fcbertragbarkeit:<\/strong> Die betroffene Person hat das Recht, die sie betreffenden personenbezogenen Daten in einem strukturierten, g\u00e4ngigen und maschinenlesbaren Format zu erhalten oder eine \u00dcbermittlung an einen anderen Verantwortlichen zu verlangen.<\/p>\n<p><strong>Recht auf Widerspruch:<\/strong> Die betroffene Person hat das Recht, aus Gr\u00fcnden, die sich aus ihrer besonderen Situation ergeben, jederzeit gegen die Verarbeitung sie betreffender personenbezogener Daten, die aufgrund von Art. 6 Abs. 1 UAbs. 1 Buchst. e) oder f) DSGVO erfolgt, Widerspruch einzulegen; dies gilt auch f\u00fcr ein auf diese Bestimmungen gest\u00fctztes Profiling. Werden personenbezogene Daten verarbeitet, um Direktwerbung zu betreiben, so hat die betroffene Person das Recht, jederzeit Widerspruch gegen die Verarbeitung sie betreffender personenbezogener Daten zum Zwecke derartiger Werbung einzulegen; dies gilt auch f\u00fcr das Profiling, soweit es mit solcher Direktwerbung in Verbindung steht.<\/p>\n<p><strong>Recht auf Widerruf:<\/strong> Die betroffene Person hat das Recht, ihre erteilte Einwilligung jederzeit zu widerrufen.<\/p>\n<p><strong>Recht auf Beschwerde:<\/strong> Die betroffene Person hat das Recht, sich bei einer Aufsichtsbeh\u00f6rde zu beschweren.<\/p>\n<p><strong>Stand der Datenschutzerkl\u00e4rung:<\/strong> 10. Juli 2023<\/p>\n<\/div>\n<\/div>\n<\/div>\n<\/div>\n<\/div>\n<\/div>\n<\/div><\/div><\/div><\/div><\/div>\n","protected":false},"excerpt":{"rendered":"","protected":false},"author":1,"featured_media":0,"parent":0,"menu_order":0,"comment_status":"closed","ping_status":"closed","template":"","meta":{"_acf_changed":false,"inline_featured_image":false,"footnotes":""},"class_list":["post-779","page","type-page","status-publish","hentry"],"acf":[],"tag_names":[],"category_names":[],"thumbnail":false,"_links":{"self":[{"href":"https:\/\/www.euroterminal-kehl.com\/fr\/wp-json\/wp\/v2\/pages\/779","targetHints":{"allow":["GET"]}}],"collection":[{"href":"https:\/\/www.euroterminal-kehl.com\/fr\/wp-json\/wp\/v2\/pages"}],"about":[{"href":"https:\/\/www.euroterminal-kehl.com\/fr\/wp-json\/wp\/v2\/types\/page"}],"author":[{"embeddable":true,"href":"https:\/\/www.euroterminal-kehl.com\/fr\/wp-json\/wp\/v2\/users\/1"}],"replies":[{"embeddable":true,"href":"https:\/\/www.euroterminal-kehl.com\/fr\/wp-json\/wp\/v2\/comments?post=779"}],"version-history":[{"count":3,"href":"https:\/\/www.euroterminal-kehl.com\/fr\/wp-json\/wp\/v2\/pages\/779\/revisions"}],"predecessor-version":[{"id":1433,"href":"https:\/\/www.euroterminal-kehl.com\/fr\/wp-json\/wp\/v2\/pages\/779\/revisions\/1433"}],"wp:attachment":[{"href":"https:\/\/www.euroterminal-kehl.com\/fr\/wp-json\/wp\/v2\/media?parent=779"}],"curies":[{"name":"wp","href":"https:\/\/api.w.org\/{rel}","templated":true}]}}